{"id":2,"date":"2020-04-02T10:41:12","date_gmt":"2020-04-02T08:41:12","guid":{"rendered":"http:\/\/www.zorankuzman.rs\/?page_id=2"},"modified":"2022-09-23T15:27:33","modified_gmt":"2022-09-23T13:27:33","slug":"zoran-kuzmanovic-katalozi","status":"publish","type":"page","link":"https:\/\/www.zorankuzman.rs\/en\/zoran-kuzmanovic-katalozi\/","title":{"rendered":"Zoran Kuzmanovi\u0107 | katalozi"},"content":{"rendered":"<div class=\"fusion-fullwidth fullwidth-box fusion-builder-row-1 nonhundred-percent-fullwidth non-hundred-percent-height-scrolling\"  style='background-color: rgba(255,255,255,0);background-position: center center;background-repeat: no-repeat;padding-top:0px;padding-right:0px;padding-bottom:0px;padding-left:0px;'><div class=\"fusion-builder-row fusion-row\"><div  class=\"fusion-layout-column fusion_builder_column fusion_builder_column_1_5 fusion-builder-column-0 fusion-one-fifth fusion-column-first 1_5\"  style='margin-top:0px;margin-bottom:50px;width:20%;width:calc(20% - ( ( 4% + 4% + 4% + 4% ) * 0.2 ) );margin-right: 4%;'><div class=\"fusion-column-wrapper\" style=\"padding: 0px 0px 0px 0px;background-position:left top;background-repeat:no-repeat;-webkit-background-size:cover;-moz-background-size:cover;-o-background-size:cover;background-size:cover;\"   data-bg-url=\"\"><span class=\"fusion-imageframe imageframe-none imageframe-1 hover-type-none\"><a class=\"fusion-no-lightbox\" href=\"http:\/\/www.zorankuzman.rs\/wp-content\/uploads\/2020\/09\/2011-katalog-Galerija-ARTE.pdf\" target=\"_blank\" aria-label=\"2011 Galerija ARTE\" rel=\"noopener noreferrer\"><img loading=\"lazy\" decoding=\"async\" src=\"http:\/\/www.zorankuzman.rs\/wp-content\/uploads\/2020\/09\/2011-katalog-Galerija-ARTE-1-300x300.jpg\" width=\"300\" height=\"300\" alt=\"2011 Galerija ARTE\" class=\"img-responsive wp-image-1027\" srcset=\"https:\/\/www.zorankuzman.rs\/wp-content\/uploads\/2020\/09\/2011-katalog-Galerija-ARTE-1-200x200.jpg 200w, https:\/\/www.zorankuzman.rs\/wp-content\/uploads\/2020\/09\/2011-katalog-Galerija-ARTE-1-400x400.jpg 400w, https:\/\/www.zorankuzman.rs\/wp-content\/uploads\/2020\/09\/2011-katalog-Galerija-ARTE-1-600x600.jpg 600w, https:\/\/www.zorankuzman.rs\/wp-content\/uploads\/2020\/09\/2011-katalog-Galerija-ARTE-1-800x801.jpg 800w, https:\/\/www.zorankuzman.rs\/wp-content\/uploads\/2020\/09\/2011-katalog-Galerija-ARTE-1-1200x1201.jpg 1200w, https:\/\/www.zorankuzman.rs\/wp-content\/uploads\/2020\/09\/2011-katalog-Galerija-ARTE-1-scaled.jpg 2558w\" sizes=\"auto, (max-width: 800px) 100vw, 200px\" \/><\/a><\/span><div class=\"fusion-clearfix\"><\/div><\/div><\/div><div  class=\"fusion-layout-column fusion_builder_column fusion_builder_column_1_5 fusion-builder-column-1 fusion-one-fifth 1_5\"  style='margin-top:0px;margin-bottom:50px;width:20%;width:calc(20% - ( ( 4% + 4% + 4% + 4% ) * 0.2 ) );margin-right: 4%;'><div class=\"fusion-column-wrapper\" style=\"padding: 0px 0px 0px 0px;background-position:left top;background-repeat:no-repeat;-webkit-background-size:cover;-moz-background-size:cover;-o-background-size:cover;background-size:cover;\"   data-bg-url=\"\"><span class=\"fusion-imageframe imageframe-none imageframe-2 hover-type-none\"><a class=\"fusion-no-lightbox\" href=\"http:\/\/www.zorankuzman.rs\/wp-content\/uploads\/2020\/09\/2012-katalog-Galerija-3.-Beograd.pdf\" target=\"_blank\" aria-label=\"2012 Galerija 3BGD\" rel=\"noopener noreferrer\"><img loading=\"lazy\" decoding=\"async\" src=\"http:\/\/www.zorankuzman.rs\/wp-content\/uploads\/2020\/09\/2012-katalog-Galerija-3-300x300.jpg\" width=\"300\" height=\"300\" alt=\"2012 Galerija 3BGD\" class=\"img-responsive wp-image-1028\" srcset=\"https:\/\/www.zorankuzman.rs\/wp-content\/uploads\/2020\/09\/2012-katalog-Galerija-3-200x200.jpg 200w, https:\/\/www.zorankuzman.rs\/wp-content\/uploads\/2020\/09\/2012-katalog-Galerija-3-400x400.jpg 400w, https:\/\/www.zorankuzman.rs\/wp-content\/uploads\/2020\/09\/2012-katalog-Galerija-3-600x600.jpg 600w, https:\/\/www.zorankuzman.rs\/wp-content\/uploads\/2020\/09\/2012-katalog-Galerija-3-800x800.jpg 800w, https:\/\/www.zorankuzman.rs\/wp-content\/uploads\/2020\/09\/2012-katalog-Galerija-3-1200x1200.jpg 1200w, https:\/\/www.zorankuzman.rs\/wp-content\/uploads\/2020\/09\/2012-katalog-Galerija-3-scaled.jpg 2560w\" sizes=\"auto, (max-width: 800px) 100vw, 200px\" \/><\/a><\/span><div class=\"fusion-clearfix\"><\/div><\/div><\/div><div  class=\"fusion-layout-column fusion_builder_column fusion_builder_column_1_5 fusion-builder-column-2 fusion-one-fifth 1_5\"  style='margin-top:0px;margin-bottom:50px;width:20%;width:calc(20% - ( ( 4% + 4% + 4% + 4% ) * 0.2 ) );margin-right: 4%;'><div class=\"fusion-column-wrapper\" style=\"padding: 0px 0px 0px 0px;background-position:left top;background-repeat:no-repeat;-webkit-background-size:cover;-moz-background-size:cover;-o-background-size:cover;background-size:cover;\"   data-bg-url=\"\"><span class=\"fusion-imageframe imageframe-none imageframe-3 hover-type-none\"><a class=\"fusion-no-lightbox\" href=\"http:\/\/www.zorankuzman.rs\/wp-content\/uploads\/2020\/09\/2012-katalog-Galerija-savremene-umetnosti-Smederevo.pdf\" target=\"_blank\" aria-label=\"2012 Galerija savremene umetnosti Smederevo\" rel=\"noopener noreferrer\"><img loading=\"lazy\" decoding=\"async\" src=\"http:\/\/www.zorankuzman.rs\/wp-content\/uploads\/2020\/09\/2012-katalog-Galerija-savremene-umetnosti-Smederevo-1-300x300.jpg\" width=\"300\" height=\"300\" alt=\"2012 Galerija savremene umetnosti Smederevo\" class=\"img-responsive wp-image-1029\" srcset=\"https:\/\/www.zorankuzman.rs\/wp-content\/uploads\/2020\/09\/2012-katalog-Galerija-savremene-umetnosti-Smederevo-1-200x200.jpg 200w, https:\/\/www.zorankuzman.rs\/wp-content\/uploads\/2020\/09\/2012-katalog-Galerija-savremene-umetnosti-Smederevo-1-400x400.jpg 400w, https:\/\/www.zorankuzman.rs\/wp-content\/uploads\/2020\/09\/2012-katalog-Galerija-savremene-umetnosti-Smederevo-1-600x600.jpg 600w, https:\/\/www.zorankuzman.rs\/wp-content\/uploads\/2020\/09\/2012-katalog-Galerija-savremene-umetnosti-Smederevo-1-800x800.jpg 800w, https:\/\/www.zorankuzman.rs\/wp-content\/uploads\/2020\/09\/2012-katalog-Galerija-savremene-umetnosti-Smederevo-1-1200x1200.jpg 1200w, https:\/\/www.zorankuzman.rs\/wp-content\/uploads\/2020\/09\/2012-katalog-Galerija-savremene-umetnosti-Smederevo-1-scaled.jpg 2560w\" sizes=\"auto, (max-width: 800px) 100vw, 200px\" \/><\/a><\/span><div class=\"fusion-clearfix\"><\/div><\/div><\/div><div  class=\"fusion-layout-column fusion_builder_column fusion_builder_column_1_5 fusion-builder-column-3 fusion-one-fifth 1_5\"  style='margin-top:0px;margin-bottom:50px;width:20%;width:calc(20% - ( ( 4% + 4% + 4% + 4% ) * 0.2 ) );margin-right: 4%;'><div class=\"fusion-column-wrapper\" style=\"padding: 0px 0px 0px 0px;background-position:left top;background-repeat:no-repeat;-webkit-background-size:cover;-moz-background-size:cover;-o-background-size:cover;background-size:cover;\"   data-bg-url=\"\"><span class=\"fusion-imageframe imageframe-none imageframe-4 hover-type-none\"><a class=\"fusion-no-lightbox\" href=\"https:\/\/issuu.com\/zorankuzmanovic_artist\/docs\/katalog_kuzma_2005_2015\" target=\"_blank\" aria-label=\"2005-2015 Galerija ARTE\" rel=\"noopener noreferrer\"><img loading=\"lazy\" decoding=\"async\" src=\"http:\/\/www.zorankuzman.rs\/wp-content\/uploads\/2020\/09\/Katalog-KUZMA-2005-2015-2-300x207.jpg\" width=\"300\" height=\"207\" alt=\"2005-2015 Galerija ARTE\" class=\"img-responsive wp-image-1030\" srcset=\"https:\/\/www.zorankuzman.rs\/wp-content\/uploads\/2020\/09\/Katalog-KUZMA-2005-2015-2-200x138.jpg 200w, https:\/\/www.zorankuzman.rs\/wp-content\/uploads\/2020\/09\/Katalog-KUZMA-2005-2015-2-400x276.jpg 400w, https:\/\/www.zorankuzman.rs\/wp-content\/uploads\/2020\/09\/Katalog-KUZMA-2005-2015-2-600x415.jpg 600w, https:\/\/www.zorankuzman.rs\/wp-content\/uploads\/2020\/09\/Katalog-KUZMA-2005-2015-2-800x553.jpg 800w, https:\/\/www.zorankuzman.rs\/wp-content\/uploads\/2020\/09\/Katalog-KUZMA-2005-2015-2-1200x829.jpg 1200w, https:\/\/www.zorankuzman.rs\/wp-content\/uploads\/2020\/09\/Katalog-KUZMA-2005-2015-2-scaled.jpg 2560w\" sizes=\"auto, (max-width: 800px) 100vw, 200px\" \/><\/a><\/span><div class=\"fusion-clearfix\"><\/div><\/div><\/div><div  class=\"fusion-layout-column fusion_builder_column fusion_builder_column_1_5 fusion-builder-column-4 fusion-one-fifth fusion-column-last 1_5\"  style='margin-top:0px;margin-bottom:50px;width:20%;width:calc(20% - ( ( 4% + 4% + 4% + 4% ) * 0.2 ) );'><div class=\"fusion-column-wrapper\" style=\"padding: 0px 0px 0px 0px;background-position:left top;background-repeat:no-repeat;-webkit-background-size:cover;-moz-background-size:cover;-o-background-size:cover;background-size:cover;\"   data-bg-url=\"\"><span class=\"fusion-imageframe imageframe-none imageframe-5 hover-type-none\"><a class=\"fusion-no-lightbox\" href=\"https:\/\/issuu.com\/zorankuzmanovic_artist\/docs\/katalog_kuzmanovi__zoran-autoportreti_podgorica_20\" target=\"_blank\" aria-label=\"mene umjetnosti Crne Gore\" rel=\"noopener noreferrer\"><img loading=\"lazy\" decoding=\"async\" src=\"http:\/\/www.zorankuzman.rs\/wp-content\/uploads\/2020\/09\/katalog-Kuzmanovic-Zoran-Autoportreti_Podgorica_2018-1-300x300.jpg\" width=\"300\" height=\"300\" alt=\"2018 Centar savremene umjetnosti Crne Gore\" class=\"img-responsive wp-image-1031\" srcset=\"https:\/\/www.zorankuzman.rs\/wp-content\/uploads\/2020\/09\/katalog-Kuzmanovic-Zoran-Autoportreti_Podgorica_2018-1-200x200.jpg 200w, https:\/\/www.zorankuzman.rs\/wp-content\/uploads\/2020\/09\/katalog-Kuzmanovic-Zoran-Autoportreti_Podgorica_2018-1-400x400.jpg 400w, https:\/\/www.zorankuzman.rs\/wp-content\/uploads\/2020\/09\/katalog-Kuzmanovic-Zoran-Autoportreti_Podgorica_2018-1-600x600.jpg 600w, https:\/\/www.zorankuzman.rs\/wp-content\/uploads\/2020\/09\/katalog-Kuzmanovic-Zoran-Autoportreti_Podgorica_2018-1-800x800.jpg 800w, https:\/\/www.zorankuzman.rs\/wp-content\/uploads\/2020\/09\/katalog-Kuzmanovic-Zoran-Autoportreti_Podgorica_2018-1-1200x1200.jpg 1200w, https:\/\/www.zorankuzman.rs\/wp-content\/uploads\/2020\/09\/katalog-Kuzmanovic-Zoran-Autoportreti_Podgorica_2018-1-scaled.jpg 2560w\" sizes=\"auto, (max-width: 800px) 100vw, 200px\" \/><\/a><\/span><div class=\"fusion-clearfix\"><\/div><\/div><\/div><\/div><\/div><style type=\"text\/css\">.fusion-fullwidth.fusion-builder-row-1 a:not(.fusion-button):not(.fusion-builder-module-control):not(.fusion-social-network-icon):not(.fb-icon-element):not(.fusion-countdown-link):not(.fusion-rollover-link):not(.fusion-rollover-gallery):not(.fusion-button-bar):not(.add_to_cart_button):not(.show_details_button):not(.product_type_external):not(.fusion-quick-view):not(.fusion-rollover-title-link):not(.fusion-breadcrumb-link) , .fusion-fullwidth.fusion-builder-row-1 a:not(.fusion-button):not(.fusion-builder-module-control):not(.fusion-social-network-icon):not(.fb-icon-element):not(.fusion-countdown-link):not(.fusion-rollover-link):not(.fusion-rollover-gallery):not(.fusion-button-bar):not(.add_to_cart_button):not(.show_details_button):not(.product_type_external):not(.fusion-quick-view):not(.fusion-rollover-title-link):not(.fusion-breadcrumb-link):before, .fusion-fullwidth.fusion-builder-row-1 a:not(.fusion-button):not(.fusion-builder-module-control):not(.fusion-social-network-icon):not(.fb-icon-element):not(.fusion-countdown-link):not(.fusion-rollover-link):not(.fusion-rollover-gallery):not(.fusion-button-bar):not(.add_to_cart_button):not(.show_details_button):not(.product_type_external):not(.fusion-quick-view):not(.fusion-rollover-title-link):not(.fusion-breadcrumb-link):after {color: #999999;}.fusion-fullwidth.fusion-builder-row-1 a:not(.fusion-button):not(.fusion-builder-module-control):not(.fusion-social-network-icon):not(.fb-icon-element):not(.fusion-countdown-link):not(.fusion-rollover-link):not(.fusion-rollover-gallery):not(.fusion-button-bar):not(.add_to_cart_button):not(.show_details_button):not(.product_type_external):not(.fusion-quick-view):not(.fusion-rollover-title-link):not(.fusion-breadcrumb-link):hover, .fusion-fullwidth.fusion-builder-row-1 a:not(.fusion-button):not(.fusion-builder-module-control):not(.fusion-social-network-icon):not(.fb-icon-element):not(.fusion-countdown-link):not(.fusion-rollover-link):not(.fusion-rollover-gallery):not(.fusion-button-bar):not(.add_to_cart_button):not(.show_details_button):not(.product_type_external):not(.fusion-quick-view):not(.fusion-rollover-title-link):not(.fusion-breadcrumb-link):hover:before, .fusion-fullwidth.fusion-builder-row-1 a:not(.fusion-button):not(.fusion-builder-module-control):not(.fusion-social-network-icon):not(.fb-icon-element):not(.fusion-countdown-link):not(.fusion-rollover-link):not(.fusion-rollover-gallery):not(.fusion-button-bar):not(.add_to_cart_button):not(.show_details_button):not(.product_type_external):not(.fusion-quick-view):not(.fusion-rollover-title-link):not(.fusion-breadcrumb-link):hover:after {color: #eaeaea;}.fusion-fullwidth.fusion-builder-row-1 .pagination a.inactive:hover, .fusion-fullwidth.fusion-builder-row-1 .fusion-filters .fusion-filter.fusion-active a {border-color: #eaeaea;}.fusion-fullwidth.fusion-builder-row-1 .pagination .current {border-color: #eaeaea; background-color: #eaeaea;}.fusion-fullwidth.fusion-builder-row-1 .fusion-filters .fusion-filter.fusion-active a, .fusion-fullwidth.fusion-builder-row-1 .fusion-date-and-formats .fusion-format-box, .fusion-fullwidth.fusion-builder-row-1 .fusion-popover, .fusion-fullwidth.fusion-builder-row-1 .tooltip-shortcode {color: #eaeaea;}#main .fusion-fullwidth.fusion-builder-row-1 .post .blog-shortcode-post-title a:hover {color: #eaeaea;}<\/style>","protected":false},"excerpt":{"rendered":"","protected":false},"author":1,"featured_media":0,"parent":0,"menu_order":0,"comment_status":"closed","ping_status":"closed","template":"","meta":{"_sitemap_exclude":false,"_sitemap_priority":"","_sitemap_frequency":"","footnotes":""},"class_list":["post-2","page","type-page","status-publish","hentry"],"yoast_head":"<!-- This site is optimized with the Yoast SEO plugin v27.0 - https:\/\/yoast.com\/product\/yoast-seo-wordpress\/ -->\n<title>Zoran Kuzmanovi\u0107 | katalozi<\/title>\n<meta name=\"description\" content=\"Katalozi skulptura i portreta vajara Zorana Kuzmanovi\u0107a. Prelistajte kataloge umetni\u010dkih dela i radova Zorana Kuzmanovi\u0107a.\" \/>\n<meta name=\"robots\" content=\"index, follow, max-snippet:-1, max-image-preview:large, max-video-preview:-1\" \/>\n<link rel=\"canonical\" href=\"https:\/\/www.zorankuzman.rs\/en\/zoran-kuzmanovic-katalozi\/\" \/>\n<meta property=\"og:locale\" content=\"en_US\" \/>\n<meta property=\"og:type\" content=\"article\" \/>\n<meta property=\"og:title\" content=\"Zoran Kuzmanovi\u0107 | katalozi\" \/>\n<meta property=\"og:description\" content=\"Katalozi skulptura i portreta vajara Zorana Kuzmanovi\u0107a. Prelistajte kataloge umetni\u010dkih dela i radova Zorana Kuzmanovi\u0107a.\" \/>\n<meta property=\"og:url\" content=\"https:\/\/www.zorankuzman.rs\/en\/zoran-kuzmanovic-katalozi\/\" \/>\n<meta property=\"og:site_name\" content=\"Zoran Kuzmanovi\u0107\" \/>\n<meta property=\"article:publisher\" content=\"https:\/\/www.facebook.com\/zoran.kuzmanovic.3344\" \/>\n<meta property=\"article:modified_time\" content=\"2022-09-23T13:27:33+00:00\" \/>\n<meta property=\"og:image\" content=\"https:\/\/www.zorankuzman.rs\/wp-content\/uploads\/2020\/09\/IMG_5967.jpg\" \/>\n\t<meta property=\"og:image:width\" content=\"780\" \/>\n\t<meta property=\"og:image:height\" content=\"1170\" \/>\n\t<meta property=\"og:image:type\" content=\"image\/jpeg\" \/>\n<meta name=\"twitter:label1\" content=\"Est. reading time\" \/>\n\t<meta name=\"twitter:data1\" content=\"3 minutes\" \/>\n<script type=\"application\/ld+json\" class=\"yoast-schema-graph\">{\"@context\":\"https:\/\/schema.org\",\"@graph\":[{\"@type\":\"WebPage\",\"@id\":\"https:\/\/www.zorankuzman.rs\/zoran-kuzmanovic-katalozi\/\",\"url\":\"https:\/\/www.zorankuzman.rs\/zoran-kuzmanovic-katalozi\/\",\"name\":\"Zoran Kuzmanovi\u0107 | katalozi\",\"isPartOf\":{\"@id\":\"https:\/\/www.zorankuzman.rs\/#website\"},\"datePublished\":\"2020-04-02T08:41:12+00:00\",\"dateModified\":\"2022-09-23T13:27:33+00:00\",\"description\":\"Katalozi skulptura i portreta vajara Zorana Kuzmanovi\u0107a. Prelistajte kataloge umetni\u010dkih dela i radova Zorana Kuzmanovi\u0107a.\",\"breadcrumb\":{\"@id\":\"https:\/\/www.zorankuzman.rs\/zoran-kuzmanovic-katalozi\/#breadcrumb\"},\"inLanguage\":\"en-US\",\"potentialAction\":[{\"@type\":\"ReadAction\",\"target\":[\"https:\/\/www.zorankuzman.rs\/zoran-kuzmanovic-katalozi\/\"]}]},{\"@type\":\"BreadcrumbList\",\"@id\":\"https:\/\/www.zorankuzman.rs\/zoran-kuzmanovic-katalozi\/#breadcrumb\",\"itemListElement\":[{\"@type\":\"ListItem\",\"position\":1,\"name\":\"\u041f\u043e\u0447\u0435\u0442\u043d\u0430\",\"item\":\"https:\/\/www.zorankuzman.rs\/\"},{\"@type\":\"ListItem\",\"position\":2,\"name\":\"Zoran Kuzmanovi\u0107 | katalozi\"}]},{\"@type\":\"WebSite\",\"@id\":\"https:\/\/www.zorankuzman.rs\/#website\",\"url\":\"https:\/\/www.zorankuzman.rs\/\",\"name\":\"Zoran Kuzmanovi\u0107\",\"description\":\"vajar\",\"publisher\":{\"@id\":\"https:\/\/www.zorankuzman.rs\/#\/schema\/person\/7a7ffe172dd4ddc0726ba589e12d39e5\"},\"potentialAction\":[{\"@type\":\"SearchAction\",\"target\":{\"@type\":\"EntryPoint\",\"urlTemplate\":\"https:\/\/www.zorankuzman.rs\/?s={search_term_string}\"},\"query-input\":{\"@type\":\"PropertyValueSpecification\",\"valueRequired\":true,\"valueName\":\"search_term_string\"}}],\"inLanguage\":\"en-US\"},{\"@type\":[\"Person\",\"Organization\"],\"@id\":\"https:\/\/www.zorankuzman.rs\/#\/schema\/person\/7a7ffe172dd4ddc0726ba589e12d39e5\",\"name\":\"Zoran Kuzmanovi\u0107\",\"image\":{\"@type\":\"ImageObject\",\"inLanguage\":\"en-US\",\"@id\":\"https:\/\/www.zorankuzman.rs\/#\/schema\/person\/image\/\",\"url\":\"https:\/\/www.zorankuzman.rs\/wp-content\/uploads\/2020\/11\/cropped-favicon_net.jpg\",\"contentUrl\":\"https:\/\/www.zorankuzman.rs\/wp-content\/uploads\/2020\/11\/cropped-favicon_net.jpg\",\"width\":512,\"height\":512,\"caption\":\"Zoran Kuzmanovi\u0107\"},\"logo\":{\"@id\":\"https:\/\/www.zorankuzman.rs\/#\/schema\/person\/image\/\"},\"sameAs\":[\"https:\/\/www.zorankuzman.rs\/\",\"https:\/\/www.facebook.com\/zoran.kuzmanovic.3344\",\"https:\/\/www.instagram.com\/zorankuzman\/?igshid=1kku934j4io2t\",\"https:\/\/www.youtube.com\/channel\/UCW_ZZLkvVZlvU9SM3OdSWGA?view_as=subscriber\"]}]}<\/script>\n<!-- \/ Yoast SEO plugin. -->","yoast_head_json":{"title":"Zoran Kuzmanovi\u0107 | katalozi","description":"Katalozi skulptura i portreta vajara Zorana Kuzmanovi\u0107a. Prelistajte kataloge umetni\u010dkih dela i radova Zorana Kuzmanovi\u0107a.","robots":{"index":"index","follow":"follow","max-snippet":"max-snippet:-1","max-image-preview":"max-image-preview:large","max-video-preview":"max-video-preview:-1"},"canonical":"https:\/\/www.zorankuzman.rs\/en\/zoran-kuzmanovic-katalozi\/","og_locale":"en_US","og_type":"article","og_title":"Zoran Kuzmanovi\u0107 | katalozi","og_description":"Katalozi skulptura i portreta vajara Zorana Kuzmanovi\u0107a. Prelistajte kataloge umetni\u010dkih dela i radova Zorana Kuzmanovi\u0107a.","og_url":"https:\/\/www.zorankuzman.rs\/en\/zoran-kuzmanovic-katalozi\/","og_site_name":"Zoran Kuzmanovi\u0107","article_publisher":"https:\/\/www.facebook.com\/zoran.kuzmanovic.3344","article_modified_time":"2022-09-23T13:27:33+00:00","og_image":[{"width":780,"height":1170,"url":"https:\/\/www.zorankuzman.rs\/wp-content\/uploads\/2020\/09\/IMG_5967.jpg","type":"image\/jpeg"}],"twitter_misc":{"Est. reading time":"3 minutes"},"schema":{"@context":"https:\/\/schema.org","@graph":[{"@type":"WebPage","@id":"https:\/\/www.zorankuzman.rs\/zoran-kuzmanovic-katalozi\/","url":"https:\/\/www.zorankuzman.rs\/zoran-kuzmanovic-katalozi\/","name":"Zoran Kuzmanovi\u0107 | katalozi","isPartOf":{"@id":"https:\/\/www.zorankuzman.rs\/#website"},"datePublished":"2020-04-02T08:41:12+00:00","dateModified":"2022-09-23T13:27:33+00:00","description":"Katalozi skulptura i portreta vajara Zorana Kuzmanovi\u0107a. Prelistajte kataloge umetni\u010dkih dela i radova Zorana Kuzmanovi\u0107a.","breadcrumb":{"@id":"https:\/\/www.zorankuzman.rs\/zoran-kuzmanovic-katalozi\/#breadcrumb"},"inLanguage":"en-US","potentialAction":[{"@type":"ReadAction","target":["https:\/\/www.zorankuzman.rs\/zoran-kuzmanovic-katalozi\/"]}]},{"@type":"BreadcrumbList","@id":"https:\/\/www.zorankuzman.rs\/zoran-kuzmanovic-katalozi\/#breadcrumb","itemListElement":[{"@type":"ListItem","position":1,"name":"\u041f\u043e\u0447\u0435\u0442\u043d\u0430","item":"https:\/\/www.zorankuzman.rs\/"},{"@type":"ListItem","position":2,"name":"Zoran Kuzmanovi\u0107 | katalozi"}]},{"@type":"WebSite","@id":"https:\/\/www.zorankuzman.rs\/#website","url":"https:\/\/www.zorankuzman.rs\/","name":"Zoran Kuzmanovic","description":"sculptor","publisher":{"@id":"https:\/\/www.zorankuzman.rs\/#\/schema\/person\/7a7ffe172dd4ddc0726ba589e12d39e5"},"potentialAction":[{"@type":"SearchAction","target":{"@type":"EntryPoint","urlTemplate":"https:\/\/www.zorankuzman.rs\/?s={search_term_string}"},"query-input":{"@type":"PropertyValueSpecification","valueRequired":true,"valueName":"search_term_string"}}],"inLanguage":"en-US"},{"@type":["Person","Organization"],"@id":"https:\/\/www.zorankuzman.rs\/#\/schema\/person\/7a7ffe172dd4ddc0726ba589e12d39e5","name":"Zoran Kuzmanovic","image":{"@type":"ImageObject","inLanguage":"en-US","@id":"https:\/\/www.zorankuzman.rs\/#\/schema\/person\/image\/","url":"https:\/\/www.zorankuzman.rs\/wp-content\/uploads\/2020\/11\/cropped-favicon_net.jpg","contentUrl":"https:\/\/www.zorankuzman.rs\/wp-content\/uploads\/2020\/11\/cropped-favicon_net.jpg","width":512,"height":512,"caption":"Zoran Kuzmanovi\u0107"},"logo":{"@id":"https:\/\/www.zorankuzman.rs\/#\/schema\/person\/image\/"},"sameAs":["https:\/\/www.zorankuzman.rs\/","https:\/\/www.facebook.com\/zoran.kuzmanovic.3344","https:\/\/www.instagram.com\/zorankuzman\/?igshid=1kku934j4io2t","https:\/\/www.youtube.com\/channel\/UCW_ZZLkvVZlvU9SM3OdSWGA?view_as=subscriber"]}]}},"_links":{"self":[{"href":"https:\/\/www.zorankuzman.rs\/en\/wp-json\/wp\/v2\/pages\/2","targetHints":{"allow":["GET"]}}],"collection":[{"href":"https:\/\/www.zorankuzman.rs\/en\/wp-json\/wp\/v2\/pages"}],"about":[{"href":"https:\/\/www.zorankuzman.rs\/en\/wp-json\/wp\/v2\/types\/page"}],"author":[{"embeddable":true,"href":"https:\/\/www.zorankuzman.rs\/en\/wp-json\/wp\/v2\/users\/1"}],"replies":[{"embeddable":true,"href":"https:\/\/www.zorankuzman.rs\/en\/wp-json\/wp\/v2\/comments?post=2"}],"version-history":[{"count":13,"href":"https:\/\/www.zorankuzman.rs\/en\/wp-json\/wp\/v2\/pages\/2\/revisions"}],"predecessor-version":[{"id":1449,"href":"https:\/\/www.zorankuzman.rs\/en\/wp-json\/wp\/v2\/pages\/2\/revisions\/1449"}],"wp:attachment":[{"href":"https:\/\/www.zorankuzman.rs\/en\/wp-json\/wp\/v2\/media?parent=2"}],"curies":[{"name":"wp","href":"https:\/\/api.w.org\/{rel}","templated":true}]}}