{"id":1073,"date":"2020-09-23T14:26:32","date_gmt":"2020-09-23T12:26:32","guid":{"rendered":"http:\/\/www.zorankuzman.rs\/?page_id=1073"},"modified":"2022-09-21T13:46:58","modified_gmt":"2022-09-21T11:46:58","slug":"zoran-kuzmanovic-tekstovi","status":"publish","type":"page","link":"https:\/\/www.zorankuzman.rs\/en\/zoran-kuzmanovic-tekstovi\/","title":{"rendered":"Zoran Kuzmanovi\u0107 | tekstovi"},"content":{"rendered":"<div class=\"fusion-fullwidth fullwidth-box fusion-builder-row-1 nonhundred-percent-fullwidth non-hundred-percent-height-scrolling\"  style='background-color: rgba(255,255,255,0);background-position: center center;background-repeat: no-repeat;padding-top:0px;padding-right:0px;padding-bottom:0px;padding-left:0px;'><div class=\"fusion-builder-row fusion-row\"><div  class=\"fusion-layout-column fusion_builder_column fusion_builder_column_1_1 fusion-builder-column-0 fusion-one-full fusion-column-first fusion-column-last 1_1\"  style='margin-top:0px;margin-bottom:50px;'><div class=\"fusion-column-wrapper\" style=\"padding: 0px 0px 0px 0px;background-position:left top;background-repeat:no-repeat;-webkit-background-size:cover;-moz-background-size:cover;-o-background-size:cover;background-size:cover;\"   data-bg-url=\"\"><div class=\"fusion-text\"><p><strong>TEXTS<\/strong><\/p>\n<p><a href=\"http:\/\/www.zorankuzman.rs\/wp-content\/uploads\/2020\/09\/Eugen_Borkovski_SUTLJIVI.pdf\">Eugen Borkovski &#8211; <em><strong>\u0160UTLJIVI<\/strong><\/em><\/a><br \/>\n<a href=\"http:\/\/www.zorankuzman.rs\/wp-content\/uploads\/2020\/09\/Ivana_Benovic_GLAVA_MATERIJAL_PROCES.pdf\">Ivana Benovi\u0107 &#8211; <em><strong>GLAVA, MATERIJAL, PROCES<\/strong><\/em><\/a><br \/>\n<a href=\"http:\/\/www.zorankuzman.rs\/wp-content\/uploads\/2020\/09\/Jasna_Tijardovic_IZLOZBA_GALERIJA_BLOK.pdf\">Jasna Tijardovi\u0107 &#8211; <em><strong>IZLO\u017dBA U GALERIJI BLOK<\/strong><\/em><\/a><br \/>\n<a href=\"http:\/\/www.zorankuzman.rs\/wp-content\/uploads\/2020\/09\/Maja_Dedic_EKSPERIMENT_SVA_LICA_ZORANA_KUZMANOVICA.pdf\">Maja Dedi\u0107 &#8211; <em><strong>EKSPERIMENT &#8211; SVA LICA ZORANA KUZMANOVI\u0106A<\/strong><\/em><\/a><br \/>\n<a href=\"http:\/\/www.zorankuzman.rs\/wp-content\/uploads\/2020\/09\/Maja_Dedic_THE_EXPERIMENT_ALL_THE_FACES_OF_ZORAN_KUZMANOVIC_en.pdf\">Maja Dedi\u0107 &#8211; <em><strong>THE EXPERIMENT &#8211; ALL THE FACES OF ZORAN KUZMANOVI\u0106<\/strong><\/em> <em>en<\/em><\/a><br \/>\n<a href=\"http:\/\/www.zorankuzman.rs\/wp-content\/uploads\/2020\/09\/Maja_Stankovic_AUTOPORTRETI.pdf\">Maja Stankovi\u0107 &#8211; <em><strong>AUTOPORTRETI<\/strong><\/em><\/a><br \/>\n<a href=\"http:\/\/www.zorankuzman.rs\/wp-content\/uploads\/2020\/09\/Maja_Stankovic_SELF-PORTRAITS_en.pdf\">Maja Stankovi\u0107 &#8211; <em><strong>SELF-PORTRAITS<\/strong><\/em> <em>en<\/em><\/a><br \/>\n<a href=\"http:\/\/www.zorankuzman.rs\/wp-content\/uploads\/2020\/09\/Natasa_Radosavljevic_Kuzmanovic_IZLOZBA_GALERIJA_FLU.pdf\">Nata\u0161a Radosavljevi\u0107 Kuzmanovi\u0107 &#8211; <em><strong>IZLO\u017dBA U GALERIJI FLU<\/strong><\/em><\/a><br \/>\n<a href=\"http:\/\/www.zorankuzman.rs\/wp-content\/uploads\/2020\/09\/Nikola_Suica_RASPON_VOLUMENA.pdf\">Nikola \u0160uica &#8211; <em><strong>RASPON VOLUMENA<\/strong><\/em><\/a><br \/>\n<a href=\"http:\/\/www.zorankuzman.rs\/wp-content\/uploads\/2020\/09\/Prof_Ljubomir_Gligorijevic_GLAVE_I_SLUTNJE.pdf\">Ljubomir Gligorijevi\u0107 &#8211; <em><strong>GLAVE I SLUTNJE<\/strong><\/em><\/a><br \/>\n<a href=\"http:\/\/www.zorankuzman.rs\/wp-content\/uploads\/2020\/09\/Prof_Ljubomir_Gligorijevic_THE_HEADS_AND_PREMONITIONS.pdf\">Ljubomir Gligorijevi\u0107 &#8211; <em><strong>THE HEADS AND PREMONITIONS<\/strong><\/em> <em>en<\/em><\/a><br \/>\n<a href=\"http:\/\/www.zorankuzman.rs\/wp-content\/uploads\/2020\/09\/Rados_Antonijevic_Probrazaj_oblika_i_materijala_u_radovima_Z_K.pdf\">Rado\u0161 Antonijevi\u0107 &#8211; <em><strong>PREOBRA\u017dAJ OBLIKA I MATERIJALA U RADOVIMA ZORANA KUZMANOVI\u0106A<\/strong><\/em><\/a><br \/>\n<a href=\"http:\/\/www.zorankuzman.rs\/wp-content\/uploads\/2020\/09\/Rados_Antonijevic_Transformation_of_Shape_and_Material_in_ZKuzmanovics_Works.pdf\">Rado\u0161 Antonijevi\u0107 &#8211; <em><strong>TRANSFORMATION OF SHAPE AND MATERIAL IN ZORAN KUZMANOVI\u0106&#8217;S WORKS<\/strong><\/em> <em>en<\/em><\/a><br \/>\n<a href=\"http:\/\/www.zorankuzman.rs\/wp-content\/uploads\/2020\/09\/Selman_Trtovac_SKULPTURE_ZORANA_KUZMANOVICA_3BGD.pdf\">Selman Trtovac &#8211; <em><strong>SKULPTURE (PORTRETI) ZORANA KUZMANOVI\u0106A U 3BGD-U<\/strong><\/em><\/a><br \/>\n<a href=\"http:\/\/www.zorankuzman.rs\/wp-content\/uploads\/2020\/09\/Selman_Trtovac_ZORAN_KUZMANOVICS_SCULPTURES_IN_3BGD_en.pdf\">Selman Trtovac &#8211; <em><strong>ZORAN KUZMANOVIC\u2019S SCULPTURES (PORTRAITS) IN 3BGD<\/strong><\/em> <em>en<\/em><\/a><br \/>\n<a href=\"http:\/\/www.zorankuzman.rs\/wp-content\/uploads\/2020\/09\/Stevan_Vukovic_AUTOPORTRETI.pdf\">Stevan Vukovi\u0107 &#8211; <em><strong>AUTOPORTRETI<\/strong><\/em><\/a><br \/>\n<a href=\"http:\/\/www.zorankuzman.rs\/wp-content\/uploads\/2020\/09\/Stevan_Vukovic_SELF-PORTRAITS_en.pdf\">Stevan Vukovi\u0107 &#8211; <em><strong>SELF-PORTRAITS<\/strong><\/em> <em>en<\/em><\/a><br \/>\n<a href=\"http:\/\/www.zorankuzman.rs\/wp-content\/uploads\/2020\/09\/Vera_Horvat_PUNOCA_PRAZNINE.pdf\">Vera Horvat &#8211; <em><strong>PUNO\u0106A PRAZNINE<\/strong><\/em><\/a><\/p>\n<\/div><div class=\"fusion-clearfix\"><\/div><\/div><\/div><\/div><\/div><style type=\"text\/css\">.fusion-fullwidth.fusion-builder-row-1 a:not(.fusion-button):not(.fusion-builder-module-control):not(.fusion-social-network-icon):not(.fb-icon-element):not(.fusion-countdown-link):not(.fusion-rollover-link):not(.fusion-rollover-gallery):not(.fusion-button-bar):not(.add_to_cart_button):not(.show_details_button):not(.product_type_external):not(.fusion-quick-view):not(.fusion-rollover-title-link):not(.fusion-breadcrumb-link) , .fusion-fullwidth.fusion-builder-row-1 a:not(.fusion-button):not(.fusion-builder-module-control):not(.fusion-social-network-icon):not(.fb-icon-element):not(.fusion-countdown-link):not(.fusion-rollover-link):not(.fusion-rollover-gallery):not(.fusion-button-bar):not(.add_to_cart_button):not(.show_details_button):not(.product_type_external):not(.fusion-quick-view):not(.fusion-rollover-title-link):not(.fusion-breadcrumb-link):before, .fusion-fullwidth.fusion-builder-row-1 a:not(.fusion-button):not(.fusion-builder-module-control):not(.fusion-social-network-icon):not(.fb-icon-element):not(.fusion-countdown-link):not(.fusion-rollover-link):not(.fusion-rollover-gallery):not(.fusion-button-bar):not(.add_to_cart_button):not(.show_details_button):not(.product_type_external):not(.fusion-quick-view):not(.fusion-rollover-title-link):not(.fusion-breadcrumb-link):after {color: #999999;}.fusion-fullwidth.fusion-builder-row-1 a:not(.fusion-button):not(.fusion-builder-module-control):not(.fusion-social-network-icon):not(.fb-icon-element):not(.fusion-countdown-link):not(.fusion-rollover-link):not(.fusion-rollover-gallery):not(.fusion-button-bar):not(.add_to_cart_button):not(.show_details_button):not(.product_type_external):not(.fusion-quick-view):not(.fusion-rollover-title-link):not(.fusion-breadcrumb-link):hover, .fusion-fullwidth.fusion-builder-row-1 a:not(.fusion-button):not(.fusion-builder-module-control):not(.fusion-social-network-icon):not(.fb-icon-element):not(.fusion-countdown-link):not(.fusion-rollover-link):not(.fusion-rollover-gallery):not(.fusion-button-bar):not(.add_to_cart_button):not(.show_details_button):not(.product_type_external):not(.fusion-quick-view):not(.fusion-rollover-title-link):not(.fusion-breadcrumb-link):hover:before, .fusion-fullwidth.fusion-builder-row-1 a:not(.fusion-button):not(.fusion-builder-module-control):not(.fusion-social-network-icon):not(.fb-icon-element):not(.fusion-countdown-link):not(.fusion-rollover-link):not(.fusion-rollover-gallery):not(.fusion-button-bar):not(.add_to_cart_button):not(.show_details_button):not(.product_type_external):not(.fusion-quick-view):not(.fusion-rollover-title-link):not(.fusion-breadcrumb-link):hover:after {color: #eaeaea;}.fusion-fullwidth.fusion-builder-row-1 .pagination a.inactive:hover, .fusion-fullwidth.fusion-builder-row-1 .fusion-filters .fusion-filter.fusion-active a {border-color: #eaeaea;}.fusion-fullwidth.fusion-builder-row-1 .pagination .current {border-color: #eaeaea; background-color: #eaeaea;}.fusion-fullwidth.fusion-builder-row-1 .fusion-filters .fusion-filter.fusion-active a, .fusion-fullwidth.fusion-builder-row-1 .fusion-date-and-formats .fusion-format-box, .fusion-fullwidth.fusion-builder-row-1 .fusion-popover, .fusion-fullwidth.fusion-builder-row-1 .tooltip-shortcode {color: #eaeaea;}#main .fusion-fullwidth.fusion-builder-row-1 .post .blog-shortcode-post-title a:hover {color: #eaeaea;}<\/style>","protected":false},"excerpt":{"rendered":"","protected":false},"author":1,"featured_media":0,"parent":0,"menu_order":0,"comment_status":"closed","ping_status":"closed","template":"","meta":{"_sitemap_exclude":false,"_sitemap_priority":"","_sitemap_frequency":"","footnotes":""},"class_list":["post-1073","page","type-page","status-publish","hentry"],"yoast_head":"<!-- This site is optimized with the Yoast SEO plugin v27.0 - https:\/\/yoast.com\/product\/yoast-seo-wordpress\/ -->\n<title>Zoran Kuzmanovi\u0107 | tekstovi<\/title>\n<meta name=\"description\" content=\"Zoran Kuzmanovi\u0107 | tekstovi o umetni\u010dkim delima Zorana Kuzmanovi\u0107a, pisanih od strane umetni\u010dkih kriti\u010dara, istori\u010dara umetnosti i kustosa.\" \/>\n<meta name=\"robots\" content=\"index, follow, max-snippet:-1, max-image-preview:large, max-video-preview:-1\" \/>\n<link rel=\"canonical\" href=\"https:\/\/www.zorankuzman.rs\/en\/zoran-kuzmanovic-tekstovi\/\" \/>\n<meta property=\"og:locale\" content=\"en_US\" \/>\n<meta property=\"og:type\" content=\"article\" \/>\n<meta property=\"og:title\" content=\"Zoran Kuzmanovi\u0107 | tekstovi\" \/>\n<meta property=\"og:description\" content=\"Zoran Kuzmanovi\u0107 | tekstovi o umetni\u010dkim delima Zorana Kuzmanovi\u0107a, pisanih od strane umetni\u010dkih kriti\u010dara, istori\u010dara umetnosti i kustosa.\" \/>\n<meta property=\"og:url\" content=\"https:\/\/www.zorankuzman.rs\/en\/zoran-kuzmanovic-tekstovi\/\" \/>\n<meta property=\"og:site_name\" content=\"Zoran Kuzmanovi\u0107\" \/>\n<meta property=\"article:publisher\" content=\"https:\/\/www.facebook.com\/zoran.kuzmanovic.3344\" \/>\n<meta property=\"article:modified_time\" content=\"2022-09-21T11:46:58+00:00\" \/>\n<meta property=\"og:image\" content=\"https:\/\/www.zorankuzman.rs\/wp-content\/uploads\/2020\/09\/IMG_5967.jpg\" \/>\n\t<meta property=\"og:image:width\" content=\"780\" \/>\n\t<meta property=\"og:image:height\" content=\"1170\" \/>\n\t<meta property=\"og:image:type\" content=\"image\/jpeg\" \/>\n<meta name=\"twitter:label1\" content=\"Est. reading time\" \/>\n\t<meta name=\"twitter:data1\" content=\"2 minutes\" \/>\n<script type=\"application\/ld+json\" class=\"yoast-schema-graph\">{\"@context\":\"https:\/\/schema.org\",\"@graph\":[{\"@type\":\"WebPage\",\"@id\":\"https:\/\/www.zorankuzman.rs\/zoran-kuzmanovic-tekstovi\/\",\"url\":\"https:\/\/www.zorankuzman.rs\/zoran-kuzmanovic-tekstovi\/\",\"name\":\"Zoran Kuzmanovi\u0107 | tekstovi\",\"isPartOf\":{\"@id\":\"https:\/\/www.zorankuzman.rs\/#website\"},\"datePublished\":\"2020-09-23T12:26:32+00:00\",\"dateModified\":\"2022-09-21T11:46:58+00:00\",\"description\":\"Zoran Kuzmanovi\u0107 | tekstovi o umetni\u010dkim delima Zorana Kuzmanovi\u0107a, pisanih od strane umetni\u010dkih kriti\u010dara, istori\u010dara umetnosti i kustosa.\",\"breadcrumb\":{\"@id\":\"https:\/\/www.zorankuzman.rs\/zoran-kuzmanovic-tekstovi\/#breadcrumb\"},\"inLanguage\":\"en-US\",\"potentialAction\":[{\"@type\":\"ReadAction\",\"target\":[\"https:\/\/www.zorankuzman.rs\/zoran-kuzmanovic-tekstovi\/\"]}]},{\"@type\":\"BreadcrumbList\",\"@id\":\"https:\/\/www.zorankuzman.rs\/zoran-kuzmanovic-tekstovi\/#breadcrumb\",\"itemListElement\":[{\"@type\":\"ListItem\",\"position\":1,\"name\":\"\u041f\u043e\u0447\u0435\u0442\u043d\u0430\",\"item\":\"https:\/\/www.zorankuzman.rs\/\"},{\"@type\":\"ListItem\",\"position\":2,\"name\":\"Zoran Kuzmanovi\u0107 | tekstovi\"}]},{\"@type\":\"WebSite\",\"@id\":\"https:\/\/www.zorankuzman.rs\/#website\",\"url\":\"https:\/\/www.zorankuzman.rs\/\",\"name\":\"Zoran Kuzmanovi\u0107\",\"description\":\"vajar\",\"publisher\":{\"@id\":\"https:\/\/www.zorankuzman.rs\/#\/schema\/person\/7a7ffe172dd4ddc0726ba589e12d39e5\"},\"potentialAction\":[{\"@type\":\"SearchAction\",\"target\":{\"@type\":\"EntryPoint\",\"urlTemplate\":\"https:\/\/www.zorankuzman.rs\/?s={search_term_string}\"},\"query-input\":{\"@type\":\"PropertyValueSpecification\",\"valueRequired\":true,\"valueName\":\"search_term_string\"}}],\"inLanguage\":\"en-US\"},{\"@type\":[\"Person\",\"Organization\"],\"@id\":\"https:\/\/www.zorankuzman.rs\/#\/schema\/person\/7a7ffe172dd4ddc0726ba589e12d39e5\",\"name\":\"Zoran Kuzmanovi\u0107\",\"image\":{\"@type\":\"ImageObject\",\"inLanguage\":\"en-US\",\"@id\":\"https:\/\/www.zorankuzman.rs\/#\/schema\/person\/image\/\",\"url\":\"https:\/\/www.zorankuzman.rs\/wp-content\/uploads\/2020\/11\/cropped-favicon_net.jpg\",\"contentUrl\":\"https:\/\/www.zorankuzman.rs\/wp-content\/uploads\/2020\/11\/cropped-favicon_net.jpg\",\"width\":512,\"height\":512,\"caption\":\"Zoran Kuzmanovi\u0107\"},\"logo\":{\"@id\":\"https:\/\/www.zorankuzman.rs\/#\/schema\/person\/image\/\"},\"sameAs\":[\"https:\/\/www.zorankuzman.rs\/\",\"https:\/\/www.facebook.com\/zoran.kuzmanovic.3344\",\"https:\/\/www.instagram.com\/zorankuzman\/?igshid=1kku934j4io2t\",\"https:\/\/www.youtube.com\/channel\/UCW_ZZLkvVZlvU9SM3OdSWGA?view_as=subscriber\"]}]}<\/script>\n<!-- \/ Yoast SEO plugin. -->","yoast_head_json":{"title":"Zoran Kuzmanovi\u0107 | tekstovi","description":"Zoran Kuzmanovi\u0107 | tekstovi o umetni\u010dkim delima Zorana Kuzmanovi\u0107a, pisanih od strane umetni\u010dkih kriti\u010dara, istori\u010dara umetnosti i kustosa.","robots":{"index":"index","follow":"follow","max-snippet":"max-snippet:-1","max-image-preview":"max-image-preview:large","max-video-preview":"max-video-preview:-1"},"canonical":"https:\/\/www.zorankuzman.rs\/en\/zoran-kuzmanovic-tekstovi\/","og_locale":"en_US","og_type":"article","og_title":"Zoran Kuzmanovi\u0107 | tekstovi","og_description":"Zoran Kuzmanovi\u0107 | tekstovi o umetni\u010dkim delima Zorana Kuzmanovi\u0107a, pisanih od strane umetni\u010dkih kriti\u010dara, istori\u010dara umetnosti i kustosa.","og_url":"https:\/\/www.zorankuzman.rs\/en\/zoran-kuzmanovic-tekstovi\/","og_site_name":"Zoran Kuzmanovi\u0107","article_publisher":"https:\/\/www.facebook.com\/zoran.kuzmanovic.3344","article_modified_time":"2022-09-21T11:46:58+00:00","og_image":[{"width":780,"height":1170,"url":"https:\/\/www.zorankuzman.rs\/wp-content\/uploads\/2020\/09\/IMG_5967.jpg","type":"image\/jpeg"}],"twitter_misc":{"Est. reading time":"2 minutes"},"schema":{"@context":"https:\/\/schema.org","@graph":[{"@type":"WebPage","@id":"https:\/\/www.zorankuzman.rs\/zoran-kuzmanovic-tekstovi\/","url":"https:\/\/www.zorankuzman.rs\/zoran-kuzmanovic-tekstovi\/","name":"Zoran Kuzmanovi\u0107 | tekstovi","isPartOf":{"@id":"https:\/\/www.zorankuzman.rs\/#website"},"datePublished":"2020-09-23T12:26:32+00:00","dateModified":"2022-09-21T11:46:58+00:00","description":"Zoran Kuzmanovi\u0107 | tekstovi o umetni\u010dkim delima Zorana Kuzmanovi\u0107a, pisanih od strane umetni\u010dkih kriti\u010dara, istori\u010dara umetnosti i kustosa.","breadcrumb":{"@id":"https:\/\/www.zorankuzman.rs\/zoran-kuzmanovic-tekstovi\/#breadcrumb"},"inLanguage":"en-US","potentialAction":[{"@type":"ReadAction","target":["https:\/\/www.zorankuzman.rs\/zoran-kuzmanovic-tekstovi\/"]}]},{"@type":"BreadcrumbList","@id":"https:\/\/www.zorankuzman.rs\/zoran-kuzmanovic-tekstovi\/#breadcrumb","itemListElement":[{"@type":"ListItem","position":1,"name":"\u041f\u043e\u0447\u0435\u0442\u043d\u0430","item":"https:\/\/www.zorankuzman.rs\/"},{"@type":"ListItem","position":2,"name":"Zoran Kuzmanovi\u0107 | tekstovi"}]},{"@type":"WebSite","@id":"https:\/\/www.zorankuzman.rs\/#website","url":"https:\/\/www.zorankuzman.rs\/","name":"Zoran Kuzmanovic","description":"sculptor","publisher":{"@id":"https:\/\/www.zorankuzman.rs\/#\/schema\/person\/7a7ffe172dd4ddc0726ba589e12d39e5"},"potentialAction":[{"@type":"SearchAction","target":{"@type":"EntryPoint","urlTemplate":"https:\/\/www.zorankuzman.rs\/?s={search_term_string}"},"query-input":{"@type":"PropertyValueSpecification","valueRequired":true,"valueName":"search_term_string"}}],"inLanguage":"en-US"},{"@type":["Person","Organization"],"@id":"https:\/\/www.zorankuzman.rs\/#\/schema\/person\/7a7ffe172dd4ddc0726ba589e12d39e5","name":"Zoran Kuzmanovic","image":{"@type":"ImageObject","inLanguage":"en-US","@id":"https:\/\/www.zorankuzman.rs\/#\/schema\/person\/image\/","url":"https:\/\/www.zorankuzman.rs\/wp-content\/uploads\/2020\/11\/cropped-favicon_net.jpg","contentUrl":"https:\/\/www.zorankuzman.rs\/wp-content\/uploads\/2020\/11\/cropped-favicon_net.jpg","width":512,"height":512,"caption":"Zoran Kuzmanovi\u0107"},"logo":{"@id":"https:\/\/www.zorankuzman.rs\/#\/schema\/person\/image\/"},"sameAs":["https:\/\/www.zorankuzman.rs\/","https:\/\/www.facebook.com\/zoran.kuzmanovic.3344","https:\/\/www.instagram.com\/zorankuzman\/?igshid=1kku934j4io2t","https:\/\/www.youtube.com\/channel\/UCW_ZZLkvVZlvU9SM3OdSWGA?view_as=subscriber"]}]}},"_links":{"self":[{"href":"https:\/\/www.zorankuzman.rs\/en\/wp-json\/wp\/v2\/pages\/1073","targetHints":{"allow":["GET"]}}],"collection":[{"href":"https:\/\/www.zorankuzman.rs\/en\/wp-json\/wp\/v2\/pages"}],"about":[{"href":"https:\/\/www.zorankuzman.rs\/en\/wp-json\/wp\/v2\/types\/page"}],"author":[{"embeddable":true,"href":"https:\/\/www.zorankuzman.rs\/en\/wp-json\/wp\/v2\/users\/1"}],"replies":[{"embeddable":true,"href":"https:\/\/www.zorankuzman.rs\/en\/wp-json\/wp\/v2\/comments?post=1073"}],"version-history":[{"count":8,"href":"https:\/\/www.zorankuzman.rs\/en\/wp-json\/wp\/v2\/pages\/1073\/revisions"}],"predecessor-version":[{"id":1452,"href":"https:\/\/www.zorankuzman.rs\/en\/wp-json\/wp\/v2\/pages\/1073\/revisions\/1452"}],"wp:attachment":[{"href":"https:\/\/www.zorankuzman.rs\/en\/wp-json\/wp\/v2\/media?parent=1073"}],"curies":[{"name":"wp","href":"https:\/\/api.w.org\/{rel}","templated":true}]}}