{"id":1065,"date":"2020-09-23T14:14:49","date_gmt":"2020-09-23T12:14:49","guid":{"rendered":"http:\/\/www.zorankuzman.rs\/?page_id=1065"},"modified":"2022-09-19T11:51:21","modified_gmt":"2022-09-19T09:51:21","slug":"zoran-kuzmanovic-cv","status":"publish","type":"page","link":"https:\/\/www.zorankuzman.rs\/en\/zoran-kuzmanovic-cv\/","title":{"rendered":"Zoran Kuzmanovi\u0107 | CV"},"content":{"rendered":"<div class=\"fusion-fullwidth fullwidth-box fusion-builder-row-1 nonhundred-percent-fullwidth non-hundred-percent-height-scrolling\"  style='background-color: rgba(255,255,255,0);background-position: center center;background-repeat: no-repeat;padding-top:0px;padding-right:0px;padding-bottom:0px;padding-left:0px;'><div class=\"fusion-builder-row fusion-row\"><div  class=\"fusion-layout-column fusion_builder_column fusion_builder_column_1_1 fusion-builder-column-0 fusion-one-full fusion-column-first fusion-column-last 1_1\"  style='margin-top:0px;margin-bottom:50px;'><div class=\"fusion-column-wrapper\" style=\"padding: 0px 0px 0px 0px;background-position:left top;background-repeat:no-repeat;-webkit-background-size:cover;-moz-background-size:cover;-o-background-size:cover;background-size:cover;\"   data-bg-url=\"\"><div class=\"fusion-text\"><div class=\"row project-content\">\n<div class=\"col-sm-12\">\n<p><a href=\"http:\/\/zorankuzman.com\/wp-content\/uploads\/2014\/02\/Zoran-Kuzmanovic-cv-photo-300x201.jpg\"><img loading=\"lazy\" decoding=\"async\" class=\"alignright wp-image-70 size-medium\" src=\"http:\/\/zorankuzman.com\/wp-content\/uploads\/2014\/02\/Zoran-Kuzmanovic-cv-photo-300x201.jpg\" alt=\"Zoran Kuzmanovic cv photo\" width=\"300\" height=\"201\" \/><\/a><\/p>\n<p><strong>CV<\/strong><\/p>\n<p>Ro\u0111en 1967. godine u Smederevu.<br \/>\nDiplomirao na FLU u Beogradu 1993. u klasi prof. Nikole Jankovi\u0107a. Zavr\u0161io magistarske studije 2002. kod mentora profesora Vladimira Komada.<\/p>\n<p>Rukovodilac \u201dUmetni\u010dke radionice Kuzman\u2019\u2019 u periodu 2003 \u2013 2010.<\/p>\n<p><strong>IZLO\u017dBE:<\/strong><\/p>\n<p>1992.<br \/>\nOktobarski salon, Kovin<\/p>\n<p>1993.<br \/>\nNovi \u010dlanovi ULUS-a, Beograd<\/p>\n<p>1998.<br \/>\n\u2013 Portret kroz vreme, Galerija Bo\u017eidar Ad\u017eija, Beograd<br \/>\n\u2013 Majski salon POLIGRUSA, Muzej u Smederevu, Smederevo<br \/>\n\u2013 Umetnici Smedereva, Gazoldo, Italija<\/p>\n<p>1999.<br \/>\nEstetika otpora, Muzej istorije Jugoslavije, Beograd, Novi Sad, Smederevo, \u0160abac, Loznica, Ruma, Zrenjanin<\/p>\n<p>2002.<br \/>\n\u2013 Zoran Kuzmanovi\u0107 \u2013 Rado\u0161 Antonijevi\u0107, Galerija \u010cedomir Krsti\u0107, Pirot<br \/>\n\u2013 Zoran Kuzmanovi\u0107, Galerija FLU, Beograd<br \/>\n\u2013 Kuzma \u2013 Rado\u0161 \u2013 Sele, Gradska galerija Smederevo, Smederevo<br \/>\n\u2013 Tre\u0107i Bijenale likovne i primenjene umetnosti, Centar za kulturu<br \/>\nSmederevo, Smederevo<\/p>\n<p>2003.<br \/>\n\u2013 Instalacija, BELEF, Beograd<br \/>\n\u2013 Zoran Kuzmanovi\u0107, Samostalna izlo\u017eba, Galerija Sveti Stefan, Crna Gora<\/p>\n<p>2004.<br \/>\n\u2013 \u010cetvrti Bijenale likovne i primenjene umetnosti, Centar za kulturu Smederevo, Smederevo<br \/>\n\u2013 Zoran Kuzmanovi\u0107, Samostalna izlo\u017eba, QQTec galerija, Hilden, Nema\u010dka<br \/>\n\u2013 Novembarski salon, Galerija Vladisav Mar\u010dik, Kraljevo<br \/>\n\u2013 Zoran Kuzmanovi\u0107, Samostalna izlo\u017eba, Galerija centra za kulturu Sopot, Sopot<\/p>\n<p>2005.<br \/>\n\u2013 Bijenale male plastike, Hilden, Nema\u010dka<br \/>\n\u2013 Prole\u0107na izlo\u017eba ULUS-a, Galerija Cvijeta Zuzori\u0107, Beograd<br \/>\n\u2013 Jesenja izlo\u017eba ULUS-a, Galerija Cvijeta Zuzori\u0107, Beograd<\/p>\n<p>2006.<br \/>\n\u2013 Samostalna izlo\u017eba, Galerija Zadu\u017ebine Ilije M. Kolarca, Beograd<br \/>\n\u2013 Selekcija savremene srpske skulpture, Zavi\u010dajni muzej Ruma, Ruma<br \/>\n\u2013 Peti Bijenale likovne i primenjene umetnosti, Centar za kulturu Smederevo, Smederevo<\/p>\n<p>2007.<br \/>\nGodi\u0161nja izlo\u017eba, Galerija Zadu\u017ebine Ilije M. Kolarca, Beograd<\/p>\n<p>2008.<br \/>\n\u0160esto bijenale likovne i primenjene umetnosti, Centar za kulturu Smederevo, Smederevo<\/p>\n<p>2009.<br \/>\nPet godina zajedni\u010dkog uspeha Us Steel Serbia, Poslovni centar U\u0161\u0107e, Beograd<\/p>\n<p>2010.<br \/>\nSedmo bijenale likovne i primenjene umetnosti, Centar za kulturu Smederevo, Smederevo<\/p>\n<p><strong>NAGRADE:<\/strong><\/p>\n<p>1991. Nagrada iz fonda Ilije Kolarevi\u0107a<br \/>\n2005. Nagrada pohvala \u017eirija, Prole\u0107na izlo\u017eba ULUS-a, Beograd<br \/>\n2005. Nagrada Bijenala u Smederevu, Smederevo<\/p>\n<p><strong>JAVNE SKULPUTURE:<\/strong><\/p>\n<p>2000. Spomen obele\u017eje \u017ertvama NATO bombardovanja, Smederevo (plavi mermer)<br \/>\n2002. Skulpture u bazama jarbola ispred Savezne skup\u0161tine, Beograd<br \/>\n2005. Reljef dvoglavog orla na zabatu zgrade Okru\u017enog suda u Smederevu<\/p>\n<p>Skulptura \u010covek na kraju drugog milenijuma nalazi se u Istorijskom muzeju Jugoslavije u Beogradu.<\/p>\n<p>Autoportret G.S.U.Smederevo<\/p>\n<\/div>\n<\/div>\n<\/div><div class=\"fusion-clearfix\"><\/div><\/div><\/div><\/div><\/div><style type=\"text\/css\">.fusion-fullwidth.fusion-builder-row-1 a:not(.fusion-button):not(.fusion-builder-module-control):not(.fusion-social-network-icon):not(.fb-icon-element):not(.fusion-countdown-link):not(.fusion-rollover-link):not(.fusion-rollover-gallery):not(.fusion-button-bar):not(.add_to_cart_button):not(.show_details_button):not(.product_type_external):not(.fusion-quick-view):not(.fusion-rollover-title-link):not(.fusion-breadcrumb-link) , .fusion-fullwidth.fusion-builder-row-1 a:not(.fusion-button):not(.fusion-builder-module-control):not(.fusion-social-network-icon):not(.fb-icon-element):not(.fusion-countdown-link):not(.fusion-rollover-link):not(.fusion-rollover-gallery):not(.fusion-button-bar):not(.add_to_cart_button):not(.show_details_button):not(.product_type_external):not(.fusion-quick-view):not(.fusion-rollover-title-link):not(.fusion-breadcrumb-link):before, .fusion-fullwidth.fusion-builder-row-1 a:not(.fusion-button):not(.fusion-builder-module-control):not(.fusion-social-network-icon):not(.fb-icon-element):not(.fusion-countdown-link):not(.fusion-rollover-link):not(.fusion-rollover-gallery):not(.fusion-button-bar):not(.add_to_cart_button):not(.show_details_button):not(.product_type_external):not(.fusion-quick-view):not(.fusion-rollover-title-link):not(.fusion-breadcrumb-link):after {color: #999999;}.fusion-fullwidth.fusion-builder-row-1 a:not(.fusion-button):not(.fusion-builder-module-control):not(.fusion-social-network-icon):not(.fb-icon-element):not(.fusion-countdown-link):not(.fusion-rollover-link):not(.fusion-rollover-gallery):not(.fusion-button-bar):not(.add_to_cart_button):not(.show_details_button):not(.product_type_external):not(.fusion-quick-view):not(.fusion-rollover-title-link):not(.fusion-breadcrumb-link):hover, .fusion-fullwidth.fusion-builder-row-1 a:not(.fusion-button):not(.fusion-builder-module-control):not(.fusion-social-network-icon):not(.fb-icon-element):not(.fusion-countdown-link):not(.fusion-rollover-link):not(.fusion-rollover-gallery):not(.fusion-button-bar):not(.add_to_cart_button):not(.show_details_button):not(.product_type_external):not(.fusion-quick-view):not(.fusion-rollover-title-link):not(.fusion-breadcrumb-link):hover:before, .fusion-fullwidth.fusion-builder-row-1 a:not(.fusion-button):not(.fusion-builder-module-control):not(.fusion-social-network-icon):not(.fb-icon-element):not(.fusion-countdown-link):not(.fusion-rollover-link):not(.fusion-rollover-gallery):not(.fusion-button-bar):not(.add_to_cart_button):not(.show_details_button):not(.product_type_external):not(.fusion-quick-view):not(.fusion-rollover-title-link):not(.fusion-breadcrumb-link):hover:after {color: #eaeaea;}.fusion-fullwidth.fusion-builder-row-1 .pagination a.inactive:hover, .fusion-fullwidth.fusion-builder-row-1 .fusion-filters .fusion-filter.fusion-active a {border-color: #eaeaea;}.fusion-fullwidth.fusion-builder-row-1 .pagination .current {border-color: #eaeaea; background-color: #eaeaea;}.fusion-fullwidth.fusion-builder-row-1 .fusion-filters .fusion-filter.fusion-active a, .fusion-fullwidth.fusion-builder-row-1 .fusion-date-and-formats .fusion-format-box, .fusion-fullwidth.fusion-builder-row-1 .fusion-popover, .fusion-fullwidth.fusion-builder-row-1 .tooltip-shortcode {color: #eaeaea;}#main .fusion-fullwidth.fusion-builder-row-1 .post .blog-shortcode-post-title a:hover {color: #eaeaea;}<\/style>","protected":false},"excerpt":{"rendered":"","protected":false},"author":1,"featured_media":0,"parent":0,"menu_order":0,"comment_status":"closed","ping_status":"closed","template":"","meta":{"_sitemap_exclude":false,"_sitemap_priority":"","_sitemap_frequency":"","footnotes":""},"class_list":["post-1065","page","type-page","status-publish","hentry"],"yoast_head":"<!-- This site is optimized with the Yoast SEO plugin v27.0 - https:\/\/yoast.com\/product\/yoast-seo-wordpress\/ -->\n<title>Zoran Kuzmanovi\u0107 | CV<\/title>\n<meta name=\"description\" content=\"Zoran Kuzmanovi\u0107 | CV vajar iz Smedereva. Obrazovanje, stru\u010dno usavr\u0161avanje, izlo\u017ebe, nagrade i javne skulpture.\" \/>\n<meta name=\"robots\" content=\"index, follow, max-snippet:-1, max-image-preview:large, max-video-preview:-1\" \/>\n<link rel=\"canonical\" href=\"https:\/\/www.zorankuzman.rs\/en\/zoran-kuzmanovic-cv\/\" \/>\n<meta property=\"og:locale\" content=\"en_US\" \/>\n<meta property=\"og:type\" content=\"article\" \/>\n<meta property=\"og:title\" content=\"Zoran Kuzmanovi\u0107 | CV\" \/>\n<meta property=\"og:description\" content=\"Zoran Kuzmanovi\u0107 | CV vajar iz Smedereva. Obrazovanje, stru\u010dno usavr\u0161avanje, izlo\u017ebe, nagrade i javne skulpture.\" \/>\n<meta property=\"og:url\" content=\"https:\/\/www.zorankuzman.rs\/en\/zoran-kuzmanovic-cv\/\" \/>\n<meta property=\"og:site_name\" content=\"Zoran Kuzmanovi\u0107\" \/>\n<meta property=\"article:publisher\" content=\"https:\/\/www.facebook.com\/zoran.kuzmanovic.3344\" \/>\n<meta property=\"article:modified_time\" content=\"2022-09-19T09:51:21+00:00\" \/>\n<meta property=\"og:image\" content=\"http:\/\/zorankuzman.com\/wp-content\/uploads\/2014\/02\/Zoran-Kuzmanovic-cv-photo-300x201.jpg\" \/>\n<meta name=\"twitter:label1\" content=\"Est. reading time\" \/>\n\t<meta name=\"twitter:data1\" content=\"3 minutes\" \/>\n<script type=\"application\/ld+json\" class=\"yoast-schema-graph\">{\"@context\":\"https:\/\/schema.org\",\"@graph\":[{\"@type\":\"WebPage\",\"@id\":\"https:\/\/www.zorankuzman.rs\/zoran-kuzmanovic-cv\/\",\"url\":\"https:\/\/www.zorankuzman.rs\/zoran-kuzmanovic-cv\/\",\"name\":\"Zoran Kuzmanovi\u0107 | CV\",\"isPartOf\":{\"@id\":\"https:\/\/www.zorankuzman.rs\/#website\"},\"primaryImageOfPage\":{\"@id\":\"https:\/\/www.zorankuzman.rs\/zoran-kuzmanovic-cv\/#primaryimage\"},\"image\":{\"@id\":\"https:\/\/www.zorankuzman.rs\/zoran-kuzmanovic-cv\/#primaryimage\"},\"thumbnailUrl\":\"http:\/\/zorankuzman.com\/wp-content\/uploads\/2014\/02\/Zoran-Kuzmanovic-cv-photo-300x201.jpg\",\"datePublished\":\"2020-09-23T12:14:49+00:00\",\"dateModified\":\"2022-09-19T09:51:21+00:00\",\"description\":\"Zoran Kuzmanovi\u0107 | CV vajar iz Smedereva. Obrazovanje, stru\u010dno usavr\u0161avanje, izlo\u017ebe, nagrade i javne skulpture.\",\"breadcrumb\":{\"@id\":\"https:\/\/www.zorankuzman.rs\/zoran-kuzmanovic-cv\/#breadcrumb\"},\"inLanguage\":\"en-US\",\"potentialAction\":[{\"@type\":\"ReadAction\",\"target\":[\"https:\/\/www.zorankuzman.rs\/zoran-kuzmanovic-cv\/\"]}]},{\"@type\":\"ImageObject\",\"inLanguage\":\"en-US\",\"@id\":\"https:\/\/www.zorankuzman.rs\/zoran-kuzmanovic-cv\/#primaryimage\",\"url\":\"http:\/\/zorankuzman.com\/wp-content\/uploads\/2014\/02\/Zoran-Kuzmanovic-cv-photo-300x201.jpg\",\"contentUrl\":\"http:\/\/zorankuzman.com\/wp-content\/uploads\/2014\/02\/Zoran-Kuzmanovic-cv-photo-300x201.jpg\"},{\"@type\":\"BreadcrumbList\",\"@id\":\"https:\/\/www.zorankuzman.rs\/zoran-kuzmanovic-cv\/#breadcrumb\",\"itemListElement\":[{\"@type\":\"ListItem\",\"position\":1,\"name\":\"\u041f\u043e\u0447\u0435\u0442\u043d\u0430\",\"item\":\"https:\/\/www.zorankuzman.rs\/\"},{\"@type\":\"ListItem\",\"position\":2,\"name\":\"Zoran Kuzmanovi\u0107 | CV\"}]},{\"@type\":\"WebSite\",\"@id\":\"https:\/\/www.zorankuzman.rs\/#website\",\"url\":\"https:\/\/www.zorankuzman.rs\/\",\"name\":\"Zoran Kuzmanovi\u0107\",\"description\":\"vajar\",\"publisher\":{\"@id\":\"https:\/\/www.zorankuzman.rs\/#\/schema\/person\/7a7ffe172dd4ddc0726ba589e12d39e5\"},\"potentialAction\":[{\"@type\":\"SearchAction\",\"target\":{\"@type\":\"EntryPoint\",\"urlTemplate\":\"https:\/\/www.zorankuzman.rs\/?s={search_term_string}\"},\"query-input\":{\"@type\":\"PropertyValueSpecification\",\"valueRequired\":true,\"valueName\":\"search_term_string\"}}],\"inLanguage\":\"en-US\"},{\"@type\":[\"Person\",\"Organization\"],\"@id\":\"https:\/\/www.zorankuzman.rs\/#\/schema\/person\/7a7ffe172dd4ddc0726ba589e12d39e5\",\"name\":\"Zoran Kuzmanovi\u0107\",\"image\":{\"@type\":\"ImageObject\",\"inLanguage\":\"en-US\",\"@id\":\"https:\/\/www.zorankuzman.rs\/#\/schema\/person\/image\/\",\"url\":\"https:\/\/www.zorankuzman.rs\/wp-content\/uploads\/2020\/11\/cropped-favicon_net.jpg\",\"contentUrl\":\"https:\/\/www.zorankuzman.rs\/wp-content\/uploads\/2020\/11\/cropped-favicon_net.jpg\",\"width\":512,\"height\":512,\"caption\":\"Zoran Kuzmanovi\u0107\"},\"logo\":{\"@id\":\"https:\/\/www.zorankuzman.rs\/#\/schema\/person\/image\/\"},\"sameAs\":[\"https:\/\/www.zorankuzman.rs\/\",\"https:\/\/www.facebook.com\/zoran.kuzmanovic.3344\",\"https:\/\/www.instagram.com\/zorankuzman\/?igshid=1kku934j4io2t\",\"https:\/\/www.youtube.com\/channel\/UCW_ZZLkvVZlvU9SM3OdSWGA?view_as=subscriber\"]}]}<\/script>\n<!-- \/ Yoast SEO plugin. -->","yoast_head_json":{"title":"Zoran Kuzmanovi\u0107 | CV","description":"Zoran Kuzmanovi\u0107 | CV vajar iz Smedereva. Obrazovanje, stru\u010dno usavr\u0161avanje, izlo\u017ebe, nagrade i javne skulpture.","robots":{"index":"index","follow":"follow","max-snippet":"max-snippet:-1","max-image-preview":"max-image-preview:large","max-video-preview":"max-video-preview:-1"},"canonical":"https:\/\/www.zorankuzman.rs\/en\/zoran-kuzmanovic-cv\/","og_locale":"en_US","og_type":"article","og_title":"Zoran Kuzmanovi\u0107 | CV","og_description":"Zoran Kuzmanovi\u0107 | CV vajar iz Smedereva. Obrazovanje, stru\u010dno usavr\u0161avanje, izlo\u017ebe, nagrade i javne skulpture.","og_url":"https:\/\/www.zorankuzman.rs\/en\/zoran-kuzmanovic-cv\/","og_site_name":"Zoran Kuzmanovi\u0107","article_publisher":"https:\/\/www.facebook.com\/zoran.kuzmanovic.3344","article_modified_time":"2022-09-19T09:51:21+00:00","og_image":[{"url":"http:\/\/zorankuzman.com\/wp-content\/uploads\/2014\/02\/Zoran-Kuzmanovic-cv-photo-300x201.jpg","type":"","width":"","height":""}],"twitter_misc":{"Est. reading time":"3 minutes"},"schema":{"@context":"https:\/\/schema.org","@graph":[{"@type":"WebPage","@id":"https:\/\/www.zorankuzman.rs\/zoran-kuzmanovic-cv\/","url":"https:\/\/www.zorankuzman.rs\/zoran-kuzmanovic-cv\/","name":"Zoran Kuzmanovi\u0107 | CV","isPartOf":{"@id":"https:\/\/www.zorankuzman.rs\/#website"},"primaryImageOfPage":{"@id":"https:\/\/www.zorankuzman.rs\/zoran-kuzmanovic-cv\/#primaryimage"},"image":{"@id":"https:\/\/www.zorankuzman.rs\/zoran-kuzmanovic-cv\/#primaryimage"},"thumbnailUrl":"http:\/\/zorankuzman.com\/wp-content\/uploads\/2014\/02\/Zoran-Kuzmanovic-cv-photo-300x201.jpg","datePublished":"2020-09-23T12:14:49+00:00","dateModified":"2022-09-19T09:51:21+00:00","description":"Zoran Kuzmanovi\u0107 | CV vajar iz Smedereva. Obrazovanje, stru\u010dno usavr\u0161avanje, izlo\u017ebe, nagrade i javne skulpture.","breadcrumb":{"@id":"https:\/\/www.zorankuzman.rs\/zoran-kuzmanovic-cv\/#breadcrumb"},"inLanguage":"en-US","potentialAction":[{"@type":"ReadAction","target":["https:\/\/www.zorankuzman.rs\/zoran-kuzmanovic-cv\/"]}]},{"@type":"ImageObject","inLanguage":"en-US","@id":"https:\/\/www.zorankuzman.rs\/zoran-kuzmanovic-cv\/#primaryimage","url":"http:\/\/zorankuzman.com\/wp-content\/uploads\/2014\/02\/Zoran-Kuzmanovic-cv-photo-300x201.jpg","contentUrl":"http:\/\/zorankuzman.com\/wp-content\/uploads\/2014\/02\/Zoran-Kuzmanovic-cv-photo-300x201.jpg"},{"@type":"BreadcrumbList","@id":"https:\/\/www.zorankuzman.rs\/zoran-kuzmanovic-cv\/#breadcrumb","itemListElement":[{"@type":"ListItem","position":1,"name":"\u041f\u043e\u0447\u0435\u0442\u043d\u0430","item":"https:\/\/www.zorankuzman.rs\/"},{"@type":"ListItem","position":2,"name":"Zoran Kuzmanovi\u0107 | CV"}]},{"@type":"WebSite","@id":"https:\/\/www.zorankuzman.rs\/#website","url":"https:\/\/www.zorankuzman.rs\/","name":"Zoran Kuzmanovic","description":"sculptor","publisher":{"@id":"https:\/\/www.zorankuzman.rs\/#\/schema\/person\/7a7ffe172dd4ddc0726ba589e12d39e5"},"potentialAction":[{"@type":"SearchAction","target":{"@type":"EntryPoint","urlTemplate":"https:\/\/www.zorankuzman.rs\/?s={search_term_string}"},"query-input":{"@type":"PropertyValueSpecification","valueRequired":true,"valueName":"search_term_string"}}],"inLanguage":"en-US"},{"@type":["Person","Organization"],"@id":"https:\/\/www.zorankuzman.rs\/#\/schema\/person\/7a7ffe172dd4ddc0726ba589e12d39e5","name":"Zoran Kuzmanovic","image":{"@type":"ImageObject","inLanguage":"en-US","@id":"https:\/\/www.zorankuzman.rs\/#\/schema\/person\/image\/","url":"https:\/\/www.zorankuzman.rs\/wp-content\/uploads\/2020\/11\/cropped-favicon_net.jpg","contentUrl":"https:\/\/www.zorankuzman.rs\/wp-content\/uploads\/2020\/11\/cropped-favicon_net.jpg","width":512,"height":512,"caption":"Zoran Kuzmanovi\u0107"},"logo":{"@id":"https:\/\/www.zorankuzman.rs\/#\/schema\/person\/image\/"},"sameAs":["https:\/\/www.zorankuzman.rs\/","https:\/\/www.facebook.com\/zoran.kuzmanovic.3344","https:\/\/www.instagram.com\/zorankuzman\/?igshid=1kku934j4io2t","https:\/\/www.youtube.com\/channel\/UCW_ZZLkvVZlvU9SM3OdSWGA?view_as=subscriber"]}]}},"_links":{"self":[{"href":"https:\/\/www.zorankuzman.rs\/en\/wp-json\/wp\/v2\/pages\/1065","targetHints":{"allow":["GET"]}}],"collection":[{"href":"https:\/\/www.zorankuzman.rs\/en\/wp-json\/wp\/v2\/pages"}],"about":[{"href":"https:\/\/www.zorankuzman.rs\/en\/wp-json\/wp\/v2\/types\/page"}],"author":[{"embeddable":true,"href":"https:\/\/www.zorankuzman.rs\/en\/wp-json\/wp\/v2\/users\/1"}],"replies":[{"embeddable":true,"href":"https:\/\/www.zorankuzman.rs\/en\/wp-json\/wp\/v2\/comments?post=1065"}],"version-history":[{"count":6,"href":"https:\/\/www.zorankuzman.rs\/en\/wp-json\/wp\/v2\/pages\/1065\/revisions"}],"predecessor-version":[{"id":1400,"href":"https:\/\/www.zorankuzman.rs\/en\/wp-json\/wp\/v2\/pages\/1065\/revisions\/1400"}],"wp:attachment":[{"href":"https:\/\/www.zorankuzman.rs\/en\/wp-json\/wp\/v2\/media?parent=1065"}],"curies":[{"name":"wp","href":"https:\/\/api.w.org\/{rel}","templated":true}]}}