{"id":1061,"date":"2020-09-23T14:04:01","date_gmt":"2020-09-23T12:04:01","guid":{"rendered":"http:\/\/www.zorankuzman.rs\/?page_id=1061"},"modified":"2022-09-23T15:16:38","modified_gmt":"2022-09-23T13:16:38","slug":"zoran-kuzmanovic-bibliografija","status":"publish","type":"page","link":"https:\/\/www.zorankuzman.rs\/en\/zoran-kuzmanovic-bibliografija\/","title":{"rendered":"Zoran Kuzmanovi\u0107 | bibliografija"},"content":{"rendered":"<div class=\"fusion-fullwidth fullwidth-box fusion-builder-row-1 nonhundred-percent-fullwidth non-hundred-percent-height-scrolling\"  style='background-color: rgba(255,255,255,0);background-position: center center;background-repeat: no-repeat;padding-top:0px;padding-right:0px;padding-bottom:0px;padding-left:0px;'><div class=\"fusion-builder-row fusion-row\"><div  class=\"fusion-layout-column fusion_builder_column fusion_builder_column_1_1 fusion-builder-column-0 fusion-one-full fusion-column-first fusion-column-last 1_1\"  style='margin-top:0px;margin-bottom:50px;'><div class=\"fusion-column-wrapper\" style=\"padding: 0px 0px 0px 0px;background-position:left top;background-repeat:no-repeat;-webkit-background-size:cover;-moz-background-size:cover;-o-background-size:cover;background-size:cover;\"   data-bg-url=\"\"><div class=\"fusion-text\"><p><strong>BIBLIOGRAFIJA<\/strong><br \/>\n1. Zoran Kuzmanovi\u0107: Mislilac \/Pittori e scultori serbi di Smederevo\/ Museo d&#8217;arte moderna Gazoldo degli ippoliti, 14 giugno \u2013 14 luglio 1998 Gazoldo, Italia<br \/>\n2. Zoran Kuzmanovi\u0107: Mislilac\/ Majski salon\/ Muzej u Smederevu, 12. maj \u2013 30. maj 1998. \/autor teksta Sne\u017eana Cvetkovi\u0107<br \/>\n3. Zoran Kuzmanovi\u0107: \u010covek na kraju drugog milenijuma\/ Estetika otpora\/ Muzej istorije Jgoslavije, maj 1999. Beograd\/ autor teksta Sreto Bo\u0161njak<br \/>\n4. Zoran Kuzmanovi\u0107: skulpture: Galerija FLU Beograd, 30. septembar \u2013 6. oktobar 2002. Beograd\/ autor teksta Nata\u0161a Radosavljevi\u0107<br \/>\n5. Iz Seletovog ateljea \u2013 Rado\u0161 Antonijevi\u0107, Selimir Joanovi\u0107, Zoran Kuzmanovi\u0107: Gradska galerija u Smederevu, avgust &#8211; septembar 2002. Smederevo\/autori teksta Sne\u017eana Cvetkovi\u0107, Milan Markovi\u0107<br \/>\n6. Zoran Kuzmanovi\u0107, Rado\u0161 Antpnijevi\u0107: skulpture: Galerija \u010cedomir Krsti\u0107, februar 2002, Pirot\/ autor teksta Vera Horvat<br \/>\n7. Zoran Kuzmanovi\u0107: skulpture: Galerija Sveti Stefan, septembar 2003. Sveti Stefan, Crna Gora\/ autor teksta Nata\u0161a Radosavnjevi\u0107<br \/>\n8. Zoran Kuzmanovi\u0107: skulpture: Galerija Centra za kulturu Sopot, 17. decembar \u2013 28. decembar 2004. Sopot\/ autor teksta Maja Stankovi\u0107<br \/>\n9. Zoran Kuzmanovi\u0107: Autoportret\/ Prole\u0107na izlo\u017eba 2005\/ Umetni\u010dki paviljon Cvijeta Zuzori\u0107, 12. april \u2013 12. maj 2005. Beograd<br \/>\n10. Zoran Kuzmanovi\u0107 \u2013 Autoportreti: Galerija zadu\u017ebine Ilije M. Kolarca, septembar 2006. Beograd\/ autor teksta Maja Stankovi\u0107<br \/>\n11. Zoran Kuzmanovi\u0107: Autoportret na \u0161telovanje, Autoportret tri stanja\/ Selekcija savremene srpske skulpture\/ Zavi\u010dajni muzej Ruma, 24. novembra \u2013 15. decembra 2006. Ruma<br \/>\n12. Zoran Kuzmanovi\u0107: Nedozvan, Gost\/ Godi\u0161nja izlo\u017eba\/ Galerija zadu\u017ebine Ilije M. Kolarca, jul \u2013 avgust 2007. Beograd<br \/>\n13. Zoran Kuzmanovi\u0107, Gabriel Glid, Vuk Vidor, \u017deljka Momirov, Vladimir Peri\u0107\/ 5 godina zajedni\u010dkog uspeha US Steel Serbia\/ Galerija New moment , 2009. Beograd<br \/>\n\u010cASOPISI<br \/>\n1. Najlep\u0161i medved od peska: Zoran Kuzmanovi\u0107\/ B. \u010cvarkovi\u0107\/ Politika Ekspres, Beograd, 14. jun 1981.<br \/>\n2. Pe\u0161\u010dani medved kraj Save: Zoran Kuzmanovi\u0107\/ Verica Rupar\/ Ilustrovana politika, Beograd, 23. jun 1981.<br \/>\n3. Igrom do umetnosti: Zoran Kuzmanovi\u0107\/ P.P.\/ Na\u0161 Glas, Smederevo, 23. jun 1981.<\/p>\n<p>4. Strujanja moderna umetnosti\/ Sne\u017eana Gli\u0161i\u0107\/ Na\u0161 Glas, Smederevo, 12. maj 1998.<\/p>\n<p>5. Mera na\u0161em svakodnevnom \u017eivotu: Zoran Kuzmanovi\u0107\/ Sne\u017eana Cvetkovi\u0107\/ Na\u0161 Glas\/ Smederevo, 13. jun 2000.<\/p>\n<p>6. Umetnost na\u0161ih dana: Zoran Kuzmanovi\u0107\/ Sne\u017eana Gli\u0161i\u0107\/ Na\u0161 Glas, Smederevo, 9. jun 2000.<br \/>\n7. Junska podse\u0107anja: Zoran Kuzmanovi\u0107\/ Sne\u017eana Gli\u0161i\u0107\/ Na\u0161 Glas, Smederevo, 9. jun 2000.<\/p>\n<p>8. Pokret u bronzi: Zoran Kuzmanovi\u0107\/ Sne\u017eana Cvetkovi\u0107\/ Smederevska sedmica, Smederevo, 18. oktobar 2002.<br \/>\n9. Iz Seletovog ateljea: Zoran Kuzmanovi\u0107\/ Sne\u017eana Cvetkovi\u0107, Milan Markovi\u0107\/ Smederevska sedmica, Smederevo, 16. avgust 2002.<br \/>\n10. Smederevci u Pirotu: Zoran Kuzmanovi\u0107\/ Sne\u017eana Cvetkovi\u0107\/ Smederevska sedmica, Smederevo, 22. mart 2002.<br \/>\n11. Deo te prakse i iskustva: Zoran Kuzmanovi\u0107\/ Sne\u017eana Gli\u0161i\u0107\/ Na\u0161 Glas, Smederevo, 20. avgust 2002.<br \/>\n12. Artikulacija formalnih ideja: Zoran Kuzmanovi\u0107\/ Radmila Vlatkovi\u0107\/ Sloboda, Pirot 16. mart 2002.<br \/>\n13. Skulptute od lanaca: Zoran Kuzmanovi\u0107\/ Sne\u017eana Cvetkovi\u0107\/ Smederevska sedmica, Smederevo, 19. septembar 2003.<br \/>\n14. Kunst ohne Vorgaben: Zoran Kuzmanovic\/\/ Rheinische post, Hilden, Germany, 12. Juni 2004.<\/p>\n<p>15. Neko je to primetio: Zoran Kuzmanovi\u0107\/ R.S.\/ Smederevac, Smederevo 15. april 2005.<br \/>\n16. Velika, uspe\u0161na smotra\/ M. \u017divkovi\u0107\/ Politika, Beograd, 12. Jun 2006.<\/p>\n<p>18. Velika likovna sve\u010danost: Zoran Kuzmanovi\u0107\/ Sne\u017eana Gli\u0161i\u0107\/ Na\u0161 Glas, Smederevo, 6. jun 2006. 14. Skulpture Zorana Kuzmanovi\u0107a: Zoran Kuzmanovi\u0107\/ Dobrivoje Stanojevi\u0107\/ Na\u0161 Glas, Smederevo, 27. februar 2007.<br \/>\n15. Na mestu zvanom prevoz: Zoran Kuzmanovi\u0107\/ Sne\u017eana Gli\u0161i\u0107\/ Na\u0161 Glas, Smederevo, 1. januar 2008.<\/p>\n<p>11. Vaja senzacije od bronze: Zoran Kuzmanovi\u0107\/ Jelena Ili\u0107\/\/ Ve\u010dernje Novosti, Beograd, 12. april 2010.<\/p>\n<\/div><div class=\"fusion-clearfix\"><\/div><\/div><\/div><\/div><\/div><style type=\"text\/css\">.fusion-fullwidth.fusion-builder-row-1 a:not(.fusion-button):not(.fusion-builder-module-control):not(.fusion-social-network-icon):not(.fb-icon-element):not(.fusion-countdown-link):not(.fusion-rollover-link):not(.fusion-rollover-gallery):not(.fusion-button-bar):not(.add_to_cart_button):not(.show_details_button):not(.product_type_external):not(.fusion-quick-view):not(.fusion-rollover-title-link):not(.fusion-breadcrumb-link) , .fusion-fullwidth.fusion-builder-row-1 a:not(.fusion-button):not(.fusion-builder-module-control):not(.fusion-social-network-icon):not(.fb-icon-element):not(.fusion-countdown-link):not(.fusion-rollover-link):not(.fusion-rollover-gallery):not(.fusion-button-bar):not(.add_to_cart_button):not(.show_details_button):not(.product_type_external):not(.fusion-quick-view):not(.fusion-rollover-title-link):not(.fusion-breadcrumb-link):before, .fusion-fullwidth.fusion-builder-row-1 a:not(.fusion-button):not(.fusion-builder-module-control):not(.fusion-social-network-icon):not(.fb-icon-element):not(.fusion-countdown-link):not(.fusion-rollover-link):not(.fusion-rollover-gallery):not(.fusion-button-bar):not(.add_to_cart_button):not(.show_details_button):not(.product_type_external):not(.fusion-quick-view):not(.fusion-rollover-title-link):not(.fusion-breadcrumb-link):after {color: #999999;}.fusion-fullwidth.fusion-builder-row-1 a:not(.fusion-button):not(.fusion-builder-module-control):not(.fusion-social-network-icon):not(.fb-icon-element):not(.fusion-countdown-link):not(.fusion-rollover-link):not(.fusion-rollover-gallery):not(.fusion-button-bar):not(.add_to_cart_button):not(.show_details_button):not(.product_type_external):not(.fusion-quick-view):not(.fusion-rollover-title-link):not(.fusion-breadcrumb-link):hover, .fusion-fullwidth.fusion-builder-row-1 a:not(.fusion-button):not(.fusion-builder-module-control):not(.fusion-social-network-icon):not(.fb-icon-element):not(.fusion-countdown-link):not(.fusion-rollover-link):not(.fusion-rollover-gallery):not(.fusion-button-bar):not(.add_to_cart_button):not(.show_details_button):not(.product_type_external):not(.fusion-quick-view):not(.fusion-rollover-title-link):not(.fusion-breadcrumb-link):hover:before, .fusion-fullwidth.fusion-builder-row-1 a:not(.fusion-button):not(.fusion-builder-module-control):not(.fusion-social-network-icon):not(.fb-icon-element):not(.fusion-countdown-link):not(.fusion-rollover-link):not(.fusion-rollover-gallery):not(.fusion-button-bar):not(.add_to_cart_button):not(.show_details_button):not(.product_type_external):not(.fusion-quick-view):not(.fusion-rollover-title-link):not(.fusion-breadcrumb-link):hover:after {color: #eaeaea;}.fusion-fullwidth.fusion-builder-row-1 .pagination a.inactive:hover, .fusion-fullwidth.fusion-builder-row-1 .fusion-filters .fusion-filter.fusion-active a {border-color: #eaeaea;}.fusion-fullwidth.fusion-builder-row-1 .pagination .current {border-color: #eaeaea; background-color: #eaeaea;}.fusion-fullwidth.fusion-builder-row-1 .fusion-filters .fusion-filter.fusion-active a, .fusion-fullwidth.fusion-builder-row-1 .fusion-date-and-formats .fusion-format-box, .fusion-fullwidth.fusion-builder-row-1 .fusion-popover, .fusion-fullwidth.fusion-builder-row-1 .tooltip-shortcode {color: #eaeaea;}#main .fusion-fullwidth.fusion-builder-row-1 .post .blog-shortcode-post-title a:hover {color: #eaeaea;}<\/style>","protected":false},"excerpt":{"rendered":"","protected":false},"author":1,"featured_media":0,"parent":0,"menu_order":0,"comment_status":"closed","ping_status":"closed","template":"","meta":{"_sitemap_exclude":false,"_sitemap_priority":"","_sitemap_frequency":"","footnotes":""},"class_list":["post-1061","page","type-page","status-publish","hentry"],"yoast_head":"<!-- This site is optimized with the Yoast SEO plugin v27.0 - https:\/\/yoast.com\/product\/yoast-seo-wordpress\/ -->\n<title>Zoran Kuzmanovi\u0107 | bibliografija<\/title>\n<meta name=\"description\" content=\"Potpuna bibliografija Zorana Kuzmanovi\u0107a vajara iz Smedereva. Ovde se mo\u017eete upoznati sa umetni\u010dkim delima i radovima ovog umetnika.\" \/>\n<meta name=\"robots\" content=\"index, follow, max-snippet:-1, max-image-preview:large, max-video-preview:-1\" \/>\n<link rel=\"canonical\" href=\"https:\/\/www.zorankuzman.rs\/en\/zoran-kuzmanovic-bibliografija\/\" \/>\n<meta property=\"og:locale\" content=\"en_US\" \/>\n<meta property=\"og:type\" content=\"article\" \/>\n<meta property=\"og:title\" content=\"Zoran Kuzmanovi\u0107 | bibliografija\" \/>\n<meta property=\"og:description\" content=\"Potpuna bibliografija Zorana Kuzmanovi\u0107a vajara iz Smedereva. Ovde se mo\u017eete upoznati sa umetni\u010dkim delima i radovima ovog umetnika.\" \/>\n<meta property=\"og:url\" content=\"https:\/\/www.zorankuzman.rs\/en\/zoran-kuzmanovic-bibliografija\/\" \/>\n<meta property=\"og:site_name\" content=\"Zoran Kuzmanovi\u0107\" \/>\n<meta property=\"article:publisher\" content=\"https:\/\/www.facebook.com\/zoran.kuzmanovic.3344\" \/>\n<meta property=\"article:modified_time\" content=\"2022-09-23T13:16:38+00:00\" \/>\n<meta property=\"og:image\" content=\"https:\/\/www.zorankuzman.rs\/wp-content\/uploads\/2020\/09\/IMG_5967.jpg\" \/>\n\t<meta property=\"og:image:width\" content=\"780\" \/>\n\t<meta property=\"og:image:height\" content=\"1170\" \/>\n\t<meta property=\"og:image:type\" content=\"image\/jpeg\" \/>\n<meta name=\"twitter:label1\" content=\"Est. reading time\" \/>\n\t<meta name=\"twitter:data1\" content=\"3 minutes\" \/>\n<script type=\"application\/ld+json\" class=\"yoast-schema-graph\">{\"@context\":\"https:\/\/schema.org\",\"@graph\":[{\"@type\":\"WebPage\",\"@id\":\"https:\/\/www.zorankuzman.rs\/zoran-kuzmanovic-bibliografija\/\",\"url\":\"https:\/\/www.zorankuzman.rs\/zoran-kuzmanovic-bibliografija\/\",\"name\":\"Zoran Kuzmanovi\u0107 | bibliografija\",\"isPartOf\":{\"@id\":\"https:\/\/www.zorankuzman.rs\/#website\"},\"datePublished\":\"2020-09-23T12:04:01+00:00\",\"dateModified\":\"2022-09-23T13:16:38+00:00\",\"description\":\"Potpuna bibliografija Zorana Kuzmanovi\u0107a vajara iz Smedereva. Ovde se mo\u017eete upoznati sa umetni\u010dkim delima i radovima ovog umetnika.\",\"breadcrumb\":{\"@id\":\"https:\/\/www.zorankuzman.rs\/zoran-kuzmanovic-bibliografija\/#breadcrumb\"},\"inLanguage\":\"en-US\",\"potentialAction\":[{\"@type\":\"ReadAction\",\"target\":[\"https:\/\/www.zorankuzman.rs\/zoran-kuzmanovic-bibliografija\/\"]}]},{\"@type\":\"BreadcrumbList\",\"@id\":\"https:\/\/www.zorankuzman.rs\/zoran-kuzmanovic-bibliografija\/#breadcrumb\",\"itemListElement\":[{\"@type\":\"ListItem\",\"position\":1,\"name\":\"\u041f\u043e\u0447\u0435\u0442\u043d\u0430\",\"item\":\"https:\/\/www.zorankuzman.rs\/\"},{\"@type\":\"ListItem\",\"position\":2,\"name\":\"Zoran Kuzmanovi\u0107 | bibliografija\"}]},{\"@type\":\"WebSite\",\"@id\":\"https:\/\/www.zorankuzman.rs\/#website\",\"url\":\"https:\/\/www.zorankuzman.rs\/\",\"name\":\"Zoran Kuzmanovi\u0107\",\"description\":\"vajar\",\"publisher\":{\"@id\":\"https:\/\/www.zorankuzman.rs\/#\/schema\/person\/7a7ffe172dd4ddc0726ba589e12d39e5\"},\"potentialAction\":[{\"@type\":\"SearchAction\",\"target\":{\"@type\":\"EntryPoint\",\"urlTemplate\":\"https:\/\/www.zorankuzman.rs\/?s={search_term_string}\"},\"query-input\":{\"@type\":\"PropertyValueSpecification\",\"valueRequired\":true,\"valueName\":\"search_term_string\"}}],\"inLanguage\":\"en-US\"},{\"@type\":[\"Person\",\"Organization\"],\"@id\":\"https:\/\/www.zorankuzman.rs\/#\/schema\/person\/7a7ffe172dd4ddc0726ba589e12d39e5\",\"name\":\"Zoran Kuzmanovi\u0107\",\"image\":{\"@type\":\"ImageObject\",\"inLanguage\":\"en-US\",\"@id\":\"https:\/\/www.zorankuzman.rs\/#\/schema\/person\/image\/\",\"url\":\"https:\/\/www.zorankuzman.rs\/wp-content\/uploads\/2020\/11\/cropped-favicon_net.jpg\",\"contentUrl\":\"https:\/\/www.zorankuzman.rs\/wp-content\/uploads\/2020\/11\/cropped-favicon_net.jpg\",\"width\":512,\"height\":512,\"caption\":\"Zoran Kuzmanovi\u0107\"},\"logo\":{\"@id\":\"https:\/\/www.zorankuzman.rs\/#\/schema\/person\/image\/\"},\"sameAs\":[\"https:\/\/www.zorankuzman.rs\/\",\"https:\/\/www.facebook.com\/zoran.kuzmanovic.3344\",\"https:\/\/www.instagram.com\/zorankuzman\/?igshid=1kku934j4io2t\",\"https:\/\/www.youtube.com\/channel\/UCW_ZZLkvVZlvU9SM3OdSWGA?view_as=subscriber\"]}]}<\/script>\n<!-- \/ Yoast SEO plugin. -->","yoast_head_json":{"title":"Zoran Kuzmanovi\u0107 | bibliografija","description":"Potpuna bibliografija Zorana Kuzmanovi\u0107a vajara iz Smedereva. Ovde se mo\u017eete upoznati sa umetni\u010dkim delima i radovima ovog umetnika.","robots":{"index":"index","follow":"follow","max-snippet":"max-snippet:-1","max-image-preview":"max-image-preview:large","max-video-preview":"max-video-preview:-1"},"canonical":"https:\/\/www.zorankuzman.rs\/en\/zoran-kuzmanovic-bibliografija\/","og_locale":"en_US","og_type":"article","og_title":"Zoran Kuzmanovi\u0107 | bibliografija","og_description":"Potpuna bibliografija Zorana Kuzmanovi\u0107a vajara iz Smedereva. Ovde se mo\u017eete upoznati sa umetni\u010dkim delima i radovima ovog umetnika.","og_url":"https:\/\/www.zorankuzman.rs\/en\/zoran-kuzmanovic-bibliografija\/","og_site_name":"Zoran Kuzmanovi\u0107","article_publisher":"https:\/\/www.facebook.com\/zoran.kuzmanovic.3344","article_modified_time":"2022-09-23T13:16:38+00:00","og_image":[{"width":780,"height":1170,"url":"https:\/\/www.zorankuzman.rs\/wp-content\/uploads\/2020\/09\/IMG_5967.jpg","type":"image\/jpeg"}],"twitter_misc":{"Est. reading time":"3 minutes"},"schema":{"@context":"https:\/\/schema.org","@graph":[{"@type":"WebPage","@id":"https:\/\/www.zorankuzman.rs\/zoran-kuzmanovic-bibliografija\/","url":"https:\/\/www.zorankuzman.rs\/zoran-kuzmanovic-bibliografija\/","name":"Zoran Kuzmanovi\u0107 | bibliografija","isPartOf":{"@id":"https:\/\/www.zorankuzman.rs\/#website"},"datePublished":"2020-09-23T12:04:01+00:00","dateModified":"2022-09-23T13:16:38+00:00","description":"Potpuna bibliografija Zorana Kuzmanovi\u0107a vajara iz Smedereva. Ovde se mo\u017eete upoznati sa umetni\u010dkim delima i radovima ovog umetnika.","breadcrumb":{"@id":"https:\/\/www.zorankuzman.rs\/zoran-kuzmanovic-bibliografija\/#breadcrumb"},"inLanguage":"en-US","potentialAction":[{"@type":"ReadAction","target":["https:\/\/www.zorankuzman.rs\/zoran-kuzmanovic-bibliografija\/"]}]},{"@type":"BreadcrumbList","@id":"https:\/\/www.zorankuzman.rs\/zoran-kuzmanovic-bibliografija\/#breadcrumb","itemListElement":[{"@type":"ListItem","position":1,"name":"\u041f\u043e\u0447\u0435\u0442\u043d\u0430","item":"https:\/\/www.zorankuzman.rs\/"},{"@type":"ListItem","position":2,"name":"Zoran Kuzmanovi\u0107 | bibliografija"}]},{"@type":"WebSite","@id":"https:\/\/www.zorankuzman.rs\/#website","url":"https:\/\/www.zorankuzman.rs\/","name":"Zoran Kuzmanovic","description":"sculptor","publisher":{"@id":"https:\/\/www.zorankuzman.rs\/#\/schema\/person\/7a7ffe172dd4ddc0726ba589e12d39e5"},"potentialAction":[{"@type":"SearchAction","target":{"@type":"EntryPoint","urlTemplate":"https:\/\/www.zorankuzman.rs\/?s={search_term_string}"},"query-input":{"@type":"PropertyValueSpecification","valueRequired":true,"valueName":"search_term_string"}}],"inLanguage":"en-US"},{"@type":["Person","Organization"],"@id":"https:\/\/www.zorankuzman.rs\/#\/schema\/person\/7a7ffe172dd4ddc0726ba589e12d39e5","name":"Zoran Kuzmanovic","image":{"@type":"ImageObject","inLanguage":"en-US","@id":"https:\/\/www.zorankuzman.rs\/#\/schema\/person\/image\/","url":"https:\/\/www.zorankuzman.rs\/wp-content\/uploads\/2020\/11\/cropped-favicon_net.jpg","contentUrl":"https:\/\/www.zorankuzman.rs\/wp-content\/uploads\/2020\/11\/cropped-favicon_net.jpg","width":512,"height":512,"caption":"Zoran Kuzmanovi\u0107"},"logo":{"@id":"https:\/\/www.zorankuzman.rs\/#\/schema\/person\/image\/"},"sameAs":["https:\/\/www.zorankuzman.rs\/","https:\/\/www.facebook.com\/zoran.kuzmanovic.3344","https:\/\/www.instagram.com\/zorankuzman\/?igshid=1kku934j4io2t","https:\/\/www.youtube.com\/channel\/UCW_ZZLkvVZlvU9SM3OdSWGA?view_as=subscriber"]}]}},"_links":{"self":[{"href":"https:\/\/www.zorankuzman.rs\/en\/wp-json\/wp\/v2\/pages\/1061","targetHints":{"allow":["GET"]}}],"collection":[{"href":"https:\/\/www.zorankuzman.rs\/en\/wp-json\/wp\/v2\/pages"}],"about":[{"href":"https:\/\/www.zorankuzman.rs\/en\/wp-json\/wp\/v2\/types\/page"}],"author":[{"embeddable":true,"href":"https:\/\/www.zorankuzman.rs\/en\/wp-json\/wp\/v2\/users\/1"}],"replies":[{"embeddable":true,"href":"https:\/\/www.zorankuzman.rs\/en\/wp-json\/wp\/v2\/comments?post=1061"}],"version-history":[{"count":6,"href":"https:\/\/www.zorankuzman.rs\/en\/wp-json\/wp\/v2\/pages\/1061\/revisions"}],"predecessor-version":[{"id":1447,"href":"https:\/\/www.zorankuzman.rs\/en\/wp-json\/wp\/v2\/pages\/1061\/revisions\/1447"}],"wp:attachment":[{"href":"https:\/\/www.zorankuzman.rs\/en\/wp-json\/wp\/v2\/media?parent=1061"}],"curies":[{"name":"wp","href":"https:\/\/api.w.org\/{rel}","templated":true}]}}